{"id":872,"date":"2023-04-09T10:39:04","date_gmt":"2023-04-09T08:39:04","guid":{"rendered":"https:\/\/www.novalair.lu\/?page_id=872"},"modified":"2024-09-12T10:13:52","modified_gmt":"2024-09-12T08:13:52","slug":"audit-traitement-et-maintenance-des-circuits-deau","status":"publish","type":"page","link":"https:\/\/www.novalair.lu\/index.php\/audit-traitement-et-maintenance-des-circuits-deau\/","title":{"rendered":"EAU"},"content":{"rendered":"","protected":false},"excerpt":{"rendered":"","protected":false},"author":1,"featured_media":0,"parent":0,"menu_order":0,"comment_status":"closed","ping_status":"closed","template":"","meta":{"om_disable_all_campaigns":false,"_monsterinsights_skip_tracking":false,"_monsterinsights_sitenote_active":false,"_monsterinsights_sitenote_note":"","_monsterinsights_sitenote_category":0,"_uf_show_specific_survey":0,"_uf_disable_surveys":false,"_glsr_average":0,"_glsr_ranking":0,"_glsr_reviews":0,"footnotes":""},"class_list":["post-872","page","type-page","status-publish","hentry"],"yoast_head":"<!-- This site is optimized with the Yoast SEO plugin v27.3 - https:\/\/yoast.com\/product\/yoast-seo-wordpress\/ -->\n<title>EAU - Novalair<\/title>\n<meta name=\"description\" content=\"La maintenance des circuits d&#039;eau augmente le taux de disponibilit\u00e9 de vos \u00e9quipements et la s\u00e9curit\u00e9 de vos \u00e9quipes.\" \/>\n<meta name=\"robots\" content=\"index, follow, max-snippet:-1, max-image-preview:large, max-video-preview:-1\" \/>\n<link rel=\"canonical\" href=\"https:\/\/www.novalair.lu\/index.php\/audit-traitement-et-maintenance-des-circuits-deau\/\" \/>\n<meta property=\"og:locale\" content=\"fr_FR\" \/>\n<meta property=\"og:type\" content=\"article\" \/>\n<meta property=\"og:title\" content=\"EAU - Novalair\" \/>\n<meta property=\"og:description\" content=\"La maintenance des circuits d&#039;eau augmente le taux de disponibilit\u00e9 de vos \u00e9quipements et la s\u00e9curit\u00e9 de vos \u00e9quipes.\" \/>\n<meta property=\"og:url\" content=\"https:\/\/www.novalair.lu\/index.php\/audit-traitement-et-maintenance-des-circuits-deau\/\" \/>\n<meta property=\"og:site_name\" content=\"Novalair\" \/>\n<meta property=\"article:modified_time\" content=\"2024-09-12T08:13:52+00:00\" \/>\n<meta name=\"twitter:card\" content=\"summary_large_image\" \/>\n<script type=\"application\/ld+json\" class=\"yoast-schema-graph\">{\"@context\":\"https:\\\/\\\/schema.org\",\"@graph\":[{\"@type\":\"WebPage\",\"@id\":\"https:\\\/\\\/www.novalair.lu\\\/index.php\\\/audit-traitement-et-maintenance-des-circuits-deau\\\/\",\"url\":\"https:\\\/\\\/www.novalair.lu\\\/index.php\\\/audit-traitement-et-maintenance-des-circuits-deau\\\/\",\"name\":\"EAU - Novalair\",\"isPartOf\":{\"@id\":\"https:\\\/\\\/www.novalair.lu\\\/#website\"},\"datePublished\":\"2023-04-09T08:39:04+00:00\",\"dateModified\":\"2024-09-12T08:13:52+00:00\",\"description\":\"La maintenance des circuits d'eau augmente le taux de disponibilit\u00e9 de vos \u00e9quipements et la s\u00e9curit\u00e9 de vos \u00e9quipes.\",\"breadcrumb\":{\"@id\":\"https:\\\/\\\/www.novalair.lu\\\/index.php\\\/audit-traitement-et-maintenance-des-circuits-deau\\\/#breadcrumb\"},\"inLanguage\":\"fr-FR\",\"potentialAction\":[{\"@type\":\"ReadAction\",\"target\":[\"https:\\\/\\\/www.novalair.lu\\\/index.php\\\/audit-traitement-et-maintenance-des-circuits-deau\\\/\"]}]},{\"@type\":\"BreadcrumbList\",\"@id\":\"https:\\\/\\\/www.novalair.lu\\\/index.php\\\/audit-traitement-et-maintenance-des-circuits-deau\\\/#breadcrumb\",\"itemListElement\":[{\"@type\":\"ListItem\",\"position\":1,\"name\":\"Accueil\",\"item\":\"https:\\\/\\\/www.novalair.lu\\\/\"},{\"@type\":\"ListItem\",\"position\":2,\"name\":\"EAU\"}]},{\"@type\":\"WebSite\",\"@id\":\"https:\\\/\\\/www.novalair.lu\\\/#website\",\"url\":\"https:\\\/\\\/www.novalair.lu\\\/\",\"name\":\"Novalair\",\"description\":\"L&#039;excellence au service de l&#039;eau et de l&#039;air\",\"publisher\":{\"@id\":\"https:\\\/\\\/www.novalair.lu\\\/#organization\"},\"potentialAction\":[{\"@type\":\"SearchAction\",\"target\":{\"@type\":\"EntryPoint\",\"urlTemplate\":\"https:\\\/\\\/www.novalair.lu\\\/?s={search_term_string}\"},\"query-input\":{\"@type\":\"PropertyValueSpecification\",\"valueRequired\":true,\"valueName\":\"search_term_string\"}}],\"inLanguage\":\"fr-FR\"},{\"@type\":\"Organization\",\"@id\":\"https:\\\/\\\/www.novalair.lu\\\/#organization\",\"name\":\"Novalair\",\"url\":\"https:\\\/\\\/www.novalair.lu\\\/\",\"logo\":{\"@type\":\"ImageObject\",\"inLanguage\":\"fr-FR\",\"@id\":\"https:\\\/\\\/www.novalair.lu\\\/#\\\/schema\\\/logo\\\/image\\\/\",\"url\":\"https:\\\/\\\/www.novalair.lu\\\/wp-content\\\/uploads\\\/2023\\\/04\\\/cropped-Logo_without_baiseline.png\",\"contentUrl\":\"https:\\\/\\\/www.novalair.lu\\\/wp-content\\\/uploads\\\/2023\\\/04\\\/cropped-Logo_without_baiseline.png\",\"width\":865,\"height\":177,\"caption\":\"Novalair\"},\"image\":{\"@id\":\"https:\\\/\\\/www.novalair.lu\\\/#\\\/schema\\\/logo\\\/image\\\/\"}}]}<\/script>\n<!-- \/ Yoast SEO plugin. -->","yoast_head_json":{"title":"EAU - Novalair","description":"La maintenance des circuits d'eau augmente le taux de disponibilit\u00e9 de vos \u00e9quipements et la s\u00e9curit\u00e9 de vos \u00e9quipes.","robots":{"index":"index","follow":"follow","max-snippet":"max-snippet:-1","max-image-preview":"max-image-preview:large","max-video-preview":"max-video-preview:-1"},"canonical":"https:\/\/www.novalair.lu\/index.php\/audit-traitement-et-maintenance-des-circuits-deau\/","og_locale":"fr_FR","og_type":"article","og_title":"EAU - Novalair","og_description":"La maintenance des circuits d'eau augmente le taux de disponibilit\u00e9 de vos \u00e9quipements et la s\u00e9curit\u00e9 de vos \u00e9quipes.","og_url":"https:\/\/www.novalair.lu\/index.php\/audit-traitement-et-maintenance-des-circuits-deau\/","og_site_name":"Novalair","article_modified_time":"2024-09-12T08:13:52+00:00","twitter_card":"summary_large_image","schema":{"@context":"https:\/\/schema.org","@graph":[{"@type":"WebPage","@id":"https:\/\/www.novalair.lu\/index.php\/audit-traitement-et-maintenance-des-circuits-deau\/","url":"https:\/\/www.novalair.lu\/index.php\/audit-traitement-et-maintenance-des-circuits-deau\/","name":"EAU - Novalair","isPartOf":{"@id":"https:\/\/www.novalair.lu\/#website"},"datePublished":"2023-04-09T08:39:04+00:00","dateModified":"2024-09-12T08:13:52+00:00","description":"La maintenance des circuits d'eau augmente le taux de disponibilit\u00e9 de vos \u00e9quipements et la s\u00e9curit\u00e9 de vos \u00e9quipes.","breadcrumb":{"@id":"https:\/\/www.novalair.lu\/index.php\/audit-traitement-et-maintenance-des-circuits-deau\/#breadcrumb"},"inLanguage":"fr-FR","potentialAction":[{"@type":"ReadAction","target":["https:\/\/www.novalair.lu\/index.php\/audit-traitement-et-maintenance-des-circuits-deau\/"]}]},{"@type":"BreadcrumbList","@id":"https:\/\/www.novalair.lu\/index.php\/audit-traitement-et-maintenance-des-circuits-deau\/#breadcrumb","itemListElement":[{"@type":"ListItem","position":1,"name":"Accueil","item":"https:\/\/www.novalair.lu\/"},{"@type":"ListItem","position":2,"name":"EAU"}]},{"@type":"WebSite","@id":"https:\/\/www.novalair.lu\/#website","url":"https:\/\/www.novalair.lu\/","name":"Novalair","description":"L&#039;excellence au service de l&#039;eau et de l&#039;air","publisher":{"@id":"https:\/\/www.novalair.lu\/#organization"},"potentialAction":[{"@type":"SearchAction","target":{"@type":"EntryPoint","urlTemplate":"https:\/\/www.novalair.lu\/?s={search_term_string}"},"query-input":{"@type":"PropertyValueSpecification","valueRequired":true,"valueName":"search_term_string"}}],"inLanguage":"fr-FR"},{"@type":"Organization","@id":"https:\/\/www.novalair.lu\/#organization","name":"Novalair","url":"https:\/\/www.novalair.lu\/","logo":{"@type":"ImageObject","inLanguage":"fr-FR","@id":"https:\/\/www.novalair.lu\/#\/schema\/logo\/image\/","url":"https:\/\/www.novalair.lu\/wp-content\/uploads\/2023\/04\/cropped-Logo_without_baiseline.png","contentUrl":"https:\/\/www.novalair.lu\/wp-content\/uploads\/2023\/04\/cropped-Logo_without_baiseline.png","width":865,"height":177,"caption":"Novalair"},"image":{"@id":"https:\/\/www.novalair.lu\/#\/schema\/logo\/image\/"}}]}},"_links":{"self":[{"href":"https:\/\/www.novalair.lu\/index.php\/wp-json\/wp\/v2\/pages\/872","targetHints":{"allow":["GET"]}}],"collection":[{"href":"https:\/\/www.novalair.lu\/index.php\/wp-json\/wp\/v2\/pages"}],"about":[{"href":"https:\/\/www.novalair.lu\/index.php\/wp-json\/wp\/v2\/types\/page"}],"author":[{"embeddable":true,"href":"https:\/\/www.novalair.lu\/index.php\/wp-json\/wp\/v2\/users\/1"}],"replies":[{"embeddable":true,"href":"https:\/\/www.novalair.lu\/index.php\/wp-json\/wp\/v2\/comments?post=872"}],"version-history":[{"count":24,"href":"https:\/\/www.novalair.lu\/index.php\/wp-json\/wp\/v2\/pages\/872\/revisions"}],"predecessor-version":[{"id":1634,"href":"https:\/\/www.novalair.lu\/index.php\/wp-json\/wp\/v2\/pages\/872\/revisions\/1634"}],"wp:attachment":[{"href":"https:\/\/www.novalair.lu\/index.php\/wp-json\/wp\/v2\/media?parent=872"}],"curies":[{"name":"wp","href":"https:\/\/api.w.org\/{rel}","templated":true}]}}