{"id":815,"date":"2023-04-09T09:55:44","date_gmt":"2023-04-09T07:55:44","guid":{"rendered":"https:\/\/www.novalair.lu\/?page_id=815"},"modified":"2024-09-10T18:16:10","modified_gmt":"2024-09-10T16:16:10","slug":"traitement-curatif-legionellose-desinfection-reseaux-deau","status":"publish","type":"page","link":"https:\/\/www.novalair.lu\/index.php\/traitement-curatif-legionellose-desinfection-reseaux-deau\/","title":{"rendered":"Traitement curatif l\u00e9gionellose &#8211; D\u00e9sinfection r\u00e9seaux d&rsquo;eau"},"content":{"rendered":"\t\t<div data-elementor-type=\"wp-page\" data-elementor-id=\"815\" class=\"elementor elementor-815\">\n\t\t\t\t\t\t<section class=\"elementor-section elementor-top-section elementor-element elementor-element-89f7205 elementor-section-boxed elementor-section-height-default elementor-section-height-default\" data-id=\"89f7205\" data-element_type=\"section\" data-e-type=\"section\">\n\t\t\t\t\t\t<div class=\"elementor-container elementor-column-gap-default\">\n\t\t\t\t\t<div class=\"elementor-column elementor-col-100 elementor-top-column elementor-element elementor-element-88a4c8b\" data-id=\"88a4c8b\" data-element_type=\"column\" data-e-type=\"column\">\n\t\t\t<div class=\"elementor-widget-wrap elementor-element-populated\">\n\t\t\t\t\t\t<div class=\"elementor-element elementor-element-089bbe1 elementor-widget elementor-widget-text-editor\" data-id=\"089bbe1\" data-element_type=\"widget\" data-e-type=\"widget\" data-widget_type=\"text-editor.default\">\n\t\t\t\t<div class=\"elementor-widget-container\">\n\t\t\t\t\t\t\t\t\t<p class=\"cvGsUA direction-ltr align-start para-style-body\"><span class=\"OYPEnA font-feature-liga-off font-feature-clig-off font-feature-calt-off text-decoration-none text-strikethrough-none\">La L\u00e9gionella est une <strong>bact\u00e9rie<\/strong> potentiellement dangereuse qui se d\u00e9veloppe dans les syst\u00e8mes d&rsquo;eau mal entretenus, notamment les circuits de climatisation et de chauffage. Pour garantir la s\u00e9curit\u00e9 de tous, il est crucial de <strong>d\u00e9sinfecter<\/strong> r\u00e9guli\u00e8rement ces installations.<\/span><\/p><p class=\"cvGsUA direction-ltr align-start para-style-body\"><span class=\"OYPEnA font-feature-liga-off font-feature-clig-off font-feature-calt-off text-decoration-none text-strikethrough-none\">Chez Novalair Luxembourg, nous offrons des services de d\u00e9sinfection <strong>sp\u00e9cialis\u00e9s<\/strong> pour pr\u00e9venir la prolif\u00e9ration de la L\u00e9gionella.<\/span><\/p><p class=\"cvGsUA direction-ltr align-start para-style-body\"><span class=\"OYPEnA font-feature-liga-off font-feature-clig-off font-feature-calt-off text-decoration-none text-strikethrough-none\">Notre \u00e9quipe d&rsquo;experts utilise des <strong>m\u00e9thodes \u00e9prouv\u00e9es<\/strong> pour assainir vos syst\u00e8mes, r\u00e9duisant ainsi les risques d&rsquo;infection pour vous et vos proches.<\/span><\/p>\t\t\t\t\t\t\t\t<\/div>\n\t\t\t\t<\/div>\n\t\t\t\t\t<\/div>\n\t\t<\/div>\n\t\t\t\t\t<\/div>\n\t\t<\/section>\n\t\t\t\t<section class=\"elementor-section elementor-top-section elementor-element elementor-element-0a9c7f9 elementor-section-boxed elementor-section-height-default elementor-section-height-default\" data-id=\"0a9c7f9\" data-element_type=\"section\" data-e-type=\"section\">\n\t\t\t\t\t\t<div class=\"elementor-container elementor-column-gap-default\">\n\t\t\t\t\t<div class=\"elementor-column elementor-col-100 elementor-top-column elementor-element elementor-element-1a38621\" data-id=\"1a38621\" data-element_type=\"column\" data-e-type=\"column\">\n\t\t\t<div class=\"elementor-widget-wrap elementor-element-populated\">\n\t\t\t\t\t\t<div class=\"elementor-element elementor-element-72f1dc0 elementor-widget elementor-widget-image\" data-id=\"72f1dc0\" data-element_type=\"widget\" data-e-type=\"widget\" data-widget_type=\"image.default\">\n\t\t\t\t<div class=\"elementor-widget-container\">\n\t\t\t\t\t\t\t\t\t\t\t\t\t\t\t<img fetchpriority=\"high\" decoding=\"async\" width=\"600\" height=\"600\" src=\"https:\/\/www.novalair.lu\/wp-content\/uploads\/2024\/09\/PHOTO-2024-09-06-09-06-24-600x600.jpg\" class=\"attachment-leverage-about-image size-leverage-about-image wp-image-1517\" alt=\"\" srcset=\"https:\/\/www.novalair.lu\/wp-content\/uploads\/2024\/09\/PHOTO-2024-09-06-09-06-24-600x600.jpg 600w, https:\/\/www.novalair.lu\/wp-content\/uploads\/2024\/09\/PHOTO-2024-09-06-09-06-24-150x150.jpg 150w, https:\/\/www.novalair.lu\/wp-content\/uploads\/2024\/09\/PHOTO-2024-09-06-09-06-24-50x50.jpg 50w\" sizes=\"(max-width: 600px) 100vw, 600px\" \/>\t\t\t\t\t\t\t\t\t\t\t\t\t\t\t<\/div>\n\t\t\t\t<\/div>\n\t\t\t\t\t<\/div>\n\t\t<\/div>\n\t\t\t\t\t<\/div>\n\t\t<\/section>\n\t\t\t\t<\/div>\n\t\t","protected":false},"excerpt":{"rendered":"<p>La L\u00e9gionella est une bact\u00e9rie potentiellement dangereuse qui se d\u00e9veloppe dans les syst\u00e8mes d&rsquo;eau mal entretenus, notamment les circuits de&#8230;<\/p>\n","protected":false},"author":1,"featured_media":0,"parent":0,"menu_order":0,"comment_status":"closed","ping_status":"closed","template":"","meta":{"om_disable_all_campaigns":false,"_monsterinsights_skip_tracking":false,"_monsterinsights_sitenote_active":false,"_monsterinsights_sitenote_note":"","_monsterinsights_sitenote_category":0,"_uf_show_specific_survey":0,"_uf_disable_surveys":false,"_glsr_average":0,"_glsr_ranking":0,"_glsr_reviews":0,"footnotes":""},"class_list":["post-815","page","type-page","status-publish","hentry"],"yoast_head":"<!-- This site is optimized with the Yoast SEO plugin v27.4 - https:\/\/yoast.com\/product\/yoast-seo-wordpress\/ -->\n<title>Traitement curatif l\u00e9gionellose - D\u00e9sinfection r\u00e9seaux d&#039;eau - Novalair<\/title>\n<meta name=\"description\" content=\"NOVALAIR est une entreprise sp\u00e9cialis\u00e9e dans le nettoyage et la d\u00e9sinfection des r\u00e9seaux et des \u00e9quipements hydrauliques et a\u00e9rauliques.\" \/>\n<meta name=\"robots\" content=\"index, follow, max-snippet:-1, max-image-preview:large, max-video-preview:-1\" \/>\n<link rel=\"canonical\" href=\"https:\/\/www.novalair.lu\/index.php\/traitement-curatif-legionellose-desinfection-reseaux-deau\/\" \/>\n<meta property=\"og:locale\" content=\"fr_FR\" \/>\n<meta property=\"og:type\" content=\"article\" \/>\n<meta property=\"og:title\" content=\"Traitement curatif l\u00e9gionellose - D\u00e9sinfection r\u00e9seaux d&#039;eau - Novalair\" \/>\n<meta property=\"og:description\" content=\"NOVALAIR est une entreprise sp\u00e9cialis\u00e9e dans le nettoyage et la d\u00e9sinfection des r\u00e9seaux et des \u00e9quipements hydrauliques et a\u00e9rauliques.\" \/>\n<meta property=\"og:url\" content=\"https:\/\/www.novalair.lu\/index.php\/traitement-curatif-legionellose-desinfection-reseaux-deau\/\" \/>\n<meta property=\"og:site_name\" content=\"Novalair\" \/>\n<meta property=\"article:modified_time\" content=\"2024-09-10T16:16:10+00:00\" \/>\n<meta property=\"og:image\" content=\"https:\/\/www.novalair.lu\/wp-content\/uploads\/2024\/09\/PHOTO-2024-09-06-09-06-24-600x600.jpg\" \/>\n<meta name=\"twitter:card\" content=\"summary_large_image\" \/>\n<meta name=\"twitter:label1\" content=\"Dur\u00e9e de lecture estim\u00e9e\" \/>\n\t<meta name=\"twitter:data1\" content=\"1 minute\" \/>\n<script type=\"application\/ld+json\" class=\"yoast-schema-graph\">{\"@context\":\"https:\\\/\\\/schema.org\",\"@graph\":[{\"@type\":\"WebPage\",\"@id\":\"https:\\\/\\\/www.novalair.lu\\\/index.php\\\/traitement-curatif-legionellose-desinfection-reseaux-deau\\\/\",\"url\":\"https:\\\/\\\/www.novalair.lu\\\/index.php\\\/traitement-curatif-legionellose-desinfection-reseaux-deau\\\/\",\"name\":\"Traitement curatif l\u00e9gionellose - D\u00e9sinfection r\u00e9seaux d'eau - Novalair\",\"isPartOf\":{\"@id\":\"https:\\\/\\\/www.novalair.lu\\\/#website\"},\"primaryImageOfPage\":{\"@id\":\"https:\\\/\\\/www.novalair.lu\\\/index.php\\\/traitement-curatif-legionellose-desinfection-reseaux-deau\\\/#primaryimage\"},\"image\":{\"@id\":\"https:\\\/\\\/www.novalair.lu\\\/index.php\\\/traitement-curatif-legionellose-desinfection-reseaux-deau\\\/#primaryimage\"},\"thumbnailUrl\":\"https:\\\/\\\/www.novalair.lu\\\/wp-content\\\/uploads\\\/2024\\\/09\\\/PHOTO-2024-09-06-09-06-24-600x600.jpg\",\"datePublished\":\"2023-04-09T07:55:44+00:00\",\"dateModified\":\"2024-09-10T16:16:10+00:00\",\"description\":\"NOVALAIR est une entreprise sp\u00e9cialis\u00e9e dans le nettoyage et la d\u00e9sinfection des r\u00e9seaux et des \u00e9quipements hydrauliques et a\u00e9rauliques.\",\"breadcrumb\":{\"@id\":\"https:\\\/\\\/www.novalair.lu\\\/index.php\\\/traitement-curatif-legionellose-desinfection-reseaux-deau\\\/#breadcrumb\"},\"inLanguage\":\"fr-FR\",\"potentialAction\":[{\"@type\":\"ReadAction\",\"target\":[\"https:\\\/\\\/www.novalair.lu\\\/index.php\\\/traitement-curatif-legionellose-desinfection-reseaux-deau\\\/\"]}]},{\"@type\":\"ImageObject\",\"inLanguage\":\"fr-FR\",\"@id\":\"https:\\\/\\\/www.novalair.lu\\\/index.php\\\/traitement-curatif-legionellose-desinfection-reseaux-deau\\\/#primaryimage\",\"url\":\"https:\\\/\\\/www.novalair.lu\\\/wp-content\\\/uploads\\\/2024\\\/09\\\/PHOTO-2024-09-06-09-06-24.jpg\",\"contentUrl\":\"https:\\\/\\\/www.novalair.lu\\\/wp-content\\\/uploads\\\/2024\\\/09\\\/PHOTO-2024-09-06-09-06-24.jpg\",\"width\":1213,\"height\":1600},{\"@type\":\"BreadcrumbList\",\"@id\":\"https:\\\/\\\/www.novalair.lu\\\/index.php\\\/traitement-curatif-legionellose-desinfection-reseaux-deau\\\/#breadcrumb\",\"itemListElement\":[{\"@type\":\"ListItem\",\"position\":1,\"name\":\"Accueil\",\"item\":\"https:\\\/\\\/www.novalair.lu\\\/\"},{\"@type\":\"ListItem\",\"position\":2,\"name\":\"Traitement curatif l\u00e9gionellose &#8211; D\u00e9sinfection r\u00e9seaux d&rsquo;eau\"}]},{\"@type\":\"WebSite\",\"@id\":\"https:\\\/\\\/www.novalair.lu\\\/#website\",\"url\":\"https:\\\/\\\/www.novalair.lu\\\/\",\"name\":\"Novalair\",\"description\":\"L&#039;excellence au service de l&#039;eau et de l&#039;air\",\"publisher\":{\"@id\":\"https:\\\/\\\/www.novalair.lu\\\/#organization\"},\"potentialAction\":[{\"@type\":\"SearchAction\",\"target\":{\"@type\":\"EntryPoint\",\"urlTemplate\":\"https:\\\/\\\/www.novalair.lu\\\/?s={search_term_string}\"},\"query-input\":{\"@type\":\"PropertyValueSpecification\",\"valueRequired\":true,\"valueName\":\"search_term_string\"}}],\"inLanguage\":\"fr-FR\"},{\"@type\":\"Organization\",\"@id\":\"https:\\\/\\\/www.novalair.lu\\\/#organization\",\"name\":\"Novalair\",\"url\":\"https:\\\/\\\/www.novalair.lu\\\/\",\"logo\":{\"@type\":\"ImageObject\",\"inLanguage\":\"fr-FR\",\"@id\":\"https:\\\/\\\/www.novalair.lu\\\/#\\\/schema\\\/logo\\\/image\\\/\",\"url\":\"https:\\\/\\\/www.novalair.lu\\\/wp-content\\\/uploads\\\/2023\\\/04\\\/cropped-Logo_without_baiseline.png\",\"contentUrl\":\"https:\\\/\\\/www.novalair.lu\\\/wp-content\\\/uploads\\\/2023\\\/04\\\/cropped-Logo_without_baiseline.png\",\"width\":865,\"height\":177,\"caption\":\"Novalair\"},\"image\":{\"@id\":\"https:\\\/\\\/www.novalair.lu\\\/#\\\/schema\\\/logo\\\/image\\\/\"}}]}<\/script>\n<!-- \/ Yoast SEO plugin. -->","yoast_head_json":{"title":"Traitement curatif l\u00e9gionellose - D\u00e9sinfection r\u00e9seaux d'eau - Novalair","description":"NOVALAIR est une entreprise sp\u00e9cialis\u00e9e dans le nettoyage et la d\u00e9sinfection des r\u00e9seaux et des \u00e9quipements hydrauliques et a\u00e9rauliques.","robots":{"index":"index","follow":"follow","max-snippet":"max-snippet:-1","max-image-preview":"max-image-preview:large","max-video-preview":"max-video-preview:-1"},"canonical":"https:\/\/www.novalair.lu\/index.php\/traitement-curatif-legionellose-desinfection-reseaux-deau\/","og_locale":"fr_FR","og_type":"article","og_title":"Traitement curatif l\u00e9gionellose - D\u00e9sinfection r\u00e9seaux d'eau - Novalair","og_description":"NOVALAIR est une entreprise sp\u00e9cialis\u00e9e dans le nettoyage et la d\u00e9sinfection des r\u00e9seaux et des \u00e9quipements hydrauliques et a\u00e9rauliques.","og_url":"https:\/\/www.novalair.lu\/index.php\/traitement-curatif-legionellose-desinfection-reseaux-deau\/","og_site_name":"Novalair","article_modified_time":"2024-09-10T16:16:10+00:00","og_image":[{"url":"https:\/\/www.novalair.lu\/wp-content\/uploads\/2024\/09\/PHOTO-2024-09-06-09-06-24-600x600.jpg","type":"","width":"","height":""}],"twitter_card":"summary_large_image","twitter_misc":{"Dur\u00e9e de lecture estim\u00e9e":"1 minute"},"schema":{"@context":"https:\/\/schema.org","@graph":[{"@type":"WebPage","@id":"https:\/\/www.novalair.lu\/index.php\/traitement-curatif-legionellose-desinfection-reseaux-deau\/","url":"https:\/\/www.novalair.lu\/index.php\/traitement-curatif-legionellose-desinfection-reseaux-deau\/","name":"Traitement curatif l\u00e9gionellose - D\u00e9sinfection r\u00e9seaux d'eau - Novalair","isPartOf":{"@id":"https:\/\/www.novalair.lu\/#website"},"primaryImageOfPage":{"@id":"https:\/\/www.novalair.lu\/index.php\/traitement-curatif-legionellose-desinfection-reseaux-deau\/#primaryimage"},"image":{"@id":"https:\/\/www.novalair.lu\/index.php\/traitement-curatif-legionellose-desinfection-reseaux-deau\/#primaryimage"},"thumbnailUrl":"https:\/\/www.novalair.lu\/wp-content\/uploads\/2024\/09\/PHOTO-2024-09-06-09-06-24-600x600.jpg","datePublished":"2023-04-09T07:55:44+00:00","dateModified":"2024-09-10T16:16:10+00:00","description":"NOVALAIR est une entreprise sp\u00e9cialis\u00e9e dans le nettoyage et la d\u00e9sinfection des r\u00e9seaux et des \u00e9quipements hydrauliques et a\u00e9rauliques.","breadcrumb":{"@id":"https:\/\/www.novalair.lu\/index.php\/traitement-curatif-legionellose-desinfection-reseaux-deau\/#breadcrumb"},"inLanguage":"fr-FR","potentialAction":[{"@type":"ReadAction","target":["https:\/\/www.novalair.lu\/index.php\/traitement-curatif-legionellose-desinfection-reseaux-deau\/"]}]},{"@type":"ImageObject","inLanguage":"fr-FR","@id":"https:\/\/www.novalair.lu\/index.php\/traitement-curatif-legionellose-desinfection-reseaux-deau\/#primaryimage","url":"https:\/\/www.novalair.lu\/wp-content\/uploads\/2024\/09\/PHOTO-2024-09-06-09-06-24.jpg","contentUrl":"https:\/\/www.novalair.lu\/wp-content\/uploads\/2024\/09\/PHOTO-2024-09-06-09-06-24.jpg","width":1213,"height":1600},{"@type":"BreadcrumbList","@id":"https:\/\/www.novalair.lu\/index.php\/traitement-curatif-legionellose-desinfection-reseaux-deau\/#breadcrumb","itemListElement":[{"@type":"ListItem","position":1,"name":"Accueil","item":"https:\/\/www.novalair.lu\/"},{"@type":"ListItem","position":2,"name":"Traitement curatif l\u00e9gionellose &#8211; D\u00e9sinfection r\u00e9seaux d&rsquo;eau"}]},{"@type":"WebSite","@id":"https:\/\/www.novalair.lu\/#website","url":"https:\/\/www.novalair.lu\/","name":"Novalair","description":"L&#039;excellence au service de l&#039;eau et de l&#039;air","publisher":{"@id":"https:\/\/www.novalair.lu\/#organization"},"potentialAction":[{"@type":"SearchAction","target":{"@type":"EntryPoint","urlTemplate":"https:\/\/www.novalair.lu\/?s={search_term_string}"},"query-input":{"@type":"PropertyValueSpecification","valueRequired":true,"valueName":"search_term_string"}}],"inLanguage":"fr-FR"},{"@type":"Organization","@id":"https:\/\/www.novalair.lu\/#organization","name":"Novalair","url":"https:\/\/www.novalair.lu\/","logo":{"@type":"ImageObject","inLanguage":"fr-FR","@id":"https:\/\/www.novalair.lu\/#\/schema\/logo\/image\/","url":"https:\/\/www.novalair.lu\/wp-content\/uploads\/2023\/04\/cropped-Logo_without_baiseline.png","contentUrl":"https:\/\/www.novalair.lu\/wp-content\/uploads\/2023\/04\/cropped-Logo_without_baiseline.png","width":865,"height":177,"caption":"Novalair"},"image":{"@id":"https:\/\/www.novalair.lu\/#\/schema\/logo\/image\/"}}]}},"_links":{"self":[{"href":"https:\/\/www.novalair.lu\/index.php\/wp-json\/wp\/v2\/pages\/815","targetHints":{"allow":["GET"]}}],"collection":[{"href":"https:\/\/www.novalair.lu\/index.php\/wp-json\/wp\/v2\/pages"}],"about":[{"href":"https:\/\/www.novalair.lu\/index.php\/wp-json\/wp\/v2\/types\/page"}],"author":[{"embeddable":true,"href":"https:\/\/www.novalair.lu\/index.php\/wp-json\/wp\/v2\/users\/1"}],"replies":[{"embeddable":true,"href":"https:\/\/www.novalair.lu\/index.php\/wp-json\/wp\/v2\/comments?post=815"}],"version-history":[{"count":15,"href":"https:\/\/www.novalair.lu\/index.php\/wp-json\/wp\/v2\/pages\/815\/revisions"}],"predecessor-version":[{"id":1524,"href":"https:\/\/www.novalair.lu\/index.php\/wp-json\/wp\/v2\/pages\/815\/revisions\/1524"}],"wp:attachment":[{"href":"https:\/\/www.novalair.lu\/index.php\/wp-json\/wp\/v2\/media?parent=815"}],"curies":[{"name":"wp","href":"https:\/\/api.w.org\/{rel}","templated":true}]}}