{"id":807,"date":"2023-04-09T09:00:03","date_gmt":"2023-04-09T07:00:03","guid":{"rendered":"https:\/\/www.novalair.lu\/?page_id=807"},"modified":"2024-09-10T18:26:55","modified_gmt":"2024-09-10T16:26:55","slug":"nettoyage-detartrage-ballons-deau-chaude-chaudieres","status":"publish","type":"page","link":"https:\/\/www.novalair.lu\/index.php\/nettoyage-detartrage-ballons-deau-chaude-chaudieres\/","title":{"rendered":"Nettoyage &amp; d\u00e9tartrage de chaudi\u00e8res"},"content":{"rendered":"\t\t<div data-elementor-type=\"wp-page\" data-elementor-id=\"807\" class=\"elementor elementor-807\">\n\t\t\t\t\t\t<section class=\"elementor-section elementor-top-section elementor-element elementor-element-d02780a elementor-section-boxed elementor-section-height-default elementor-section-height-default\" data-id=\"d02780a\" data-element_type=\"section\" data-e-type=\"section\">\n\t\t\t\t\t\t<div class=\"elementor-container elementor-column-gap-default\">\n\t\t\t\t\t<div class=\"elementor-column elementor-col-100 elementor-top-column elementor-element elementor-element-d2a8112\" data-id=\"d2a8112\" data-element_type=\"column\" data-e-type=\"column\">\n\t\t\t<div class=\"elementor-widget-wrap elementor-element-populated\">\n\t\t\t\t\t\t<div class=\"elementor-element elementor-element-b391756 elementor-widget elementor-widget-text-editor\" data-id=\"b391756\" data-element_type=\"widget\" data-e-type=\"widget\" data-widget_type=\"text-editor.default\">\n\t\t\t\t<div class=\"elementor-widget-container\">\n\t\t\t\t\t\t\t\t\t<ul><li>D\u00e9tartrage de chaudi\u00e8re toute dimension<\/li><li>Passivation de chaudi\u00e8re apr\u00e8s d\u00e9tartrage<\/li><li>Nettoyage chimique \/ r\u00e9solution de probl\u00e8mes sp\u00e9cifiques (d\u00e9p\u00f4ts\u2026)<\/li><\/ul>\t\t\t\t\t\t\t\t<\/div>\n\t\t\t\t<\/div>\n\t\t\t\t\t<\/div>\n\t\t<\/div>\n\t\t\t\t\t<\/div>\n\t\t<\/section>\n\t\t\t\t<\/div>\n\t\t","protected":false},"excerpt":{"rendered":"<p>D\u00e9tartrage de chaudi\u00e8re toute dimension Passivation de chaudi\u00e8re apr\u00e8s d\u00e9tartrage Nettoyage chimique \/ r\u00e9solution de probl\u00e8mes sp\u00e9cifiques (d\u00e9p\u00f4ts\u2026)<\/p>\n","protected":false},"author":1,"featured_media":0,"parent":0,"menu_order":0,"comment_status":"closed","ping_status":"closed","template":"","meta":{"om_disable_all_campaigns":false,"_monsterinsights_skip_tracking":false,"_monsterinsights_sitenote_active":false,"_monsterinsights_sitenote_note":"","_monsterinsights_sitenote_category":0,"_uf_show_specific_survey":0,"_uf_disable_surveys":false,"_glsr_average":0,"_glsr_ranking":0,"_glsr_reviews":0,"footnotes":""},"class_list":["post-807","page","type-page","status-publish","hentry"],"yoast_head":"<!-- This site is optimized with the Yoast SEO plugin v27.4 - https:\/\/yoast.com\/product\/yoast-seo-wordpress\/ -->\n<title>Nettoyage &amp; d\u00e9tartrage de chaudi\u00e8res - Novalair<\/title>\n<meta name=\"description\" content=\"D\u00e9couvrez nos services de nettoyage et d\u00e9tartrage professionnels pour ballons d&#039;eau chaude et chaudi\u00e8res \u00e0 Luxembourg.\" \/>\n<meta name=\"robots\" content=\"index, follow, max-snippet:-1, max-image-preview:large, max-video-preview:-1\" \/>\n<link rel=\"canonical\" href=\"https:\/\/www.novalair.lu\/index.php\/nettoyage-detartrage-ballons-deau-chaude-chaudieres\/\" \/>\n<meta property=\"og:locale\" content=\"fr_FR\" \/>\n<meta property=\"og:type\" content=\"article\" \/>\n<meta property=\"og:title\" content=\"Nettoyage &amp; d\u00e9tartrage de chaudi\u00e8res - Novalair\" \/>\n<meta property=\"og:description\" content=\"D\u00e9couvrez nos services de nettoyage et d\u00e9tartrage professionnels pour ballons d&#039;eau chaude et chaudi\u00e8res \u00e0 Luxembourg.\" \/>\n<meta property=\"og:url\" content=\"https:\/\/www.novalair.lu\/index.php\/nettoyage-detartrage-ballons-deau-chaude-chaudieres\/\" \/>\n<meta property=\"og:site_name\" content=\"Novalair\" \/>\n<meta property=\"article:modified_time\" content=\"2024-09-10T16:26:55+00:00\" \/>\n<meta name=\"twitter:card\" content=\"summary_large_image\" \/>\n<meta name=\"twitter:label1\" content=\"Dur\u00e9e de lecture estim\u00e9e\" \/>\n\t<meta name=\"twitter:data1\" content=\"1 minute\" \/>\n<script type=\"application\/ld+json\" class=\"yoast-schema-graph\">{\"@context\":\"https:\\\/\\\/schema.org\",\"@graph\":[{\"@type\":\"WebPage\",\"@id\":\"https:\\\/\\\/www.novalair.lu\\\/index.php\\\/nettoyage-detartrage-ballons-deau-chaude-chaudieres\\\/\",\"url\":\"https:\\\/\\\/www.novalair.lu\\\/index.php\\\/nettoyage-detartrage-ballons-deau-chaude-chaudieres\\\/\",\"name\":\"Nettoyage &amp; d\u00e9tartrage de chaudi\u00e8res - Novalair\",\"isPartOf\":{\"@id\":\"https:\\\/\\\/www.novalair.lu\\\/#website\"},\"datePublished\":\"2023-04-09T07:00:03+00:00\",\"dateModified\":\"2024-09-10T16:26:55+00:00\",\"description\":\"D\u00e9couvrez nos services de nettoyage et d\u00e9tartrage professionnels pour ballons d'eau chaude et chaudi\u00e8res \u00e0 Luxembourg.\",\"breadcrumb\":{\"@id\":\"https:\\\/\\\/www.novalair.lu\\\/index.php\\\/nettoyage-detartrage-ballons-deau-chaude-chaudieres\\\/#breadcrumb\"},\"inLanguage\":\"fr-FR\",\"potentialAction\":[{\"@type\":\"ReadAction\",\"target\":[\"https:\\\/\\\/www.novalair.lu\\\/index.php\\\/nettoyage-detartrage-ballons-deau-chaude-chaudieres\\\/\"]}]},{\"@type\":\"BreadcrumbList\",\"@id\":\"https:\\\/\\\/www.novalair.lu\\\/index.php\\\/nettoyage-detartrage-ballons-deau-chaude-chaudieres\\\/#breadcrumb\",\"itemListElement\":[{\"@type\":\"ListItem\",\"position\":1,\"name\":\"Accueil\",\"item\":\"https:\\\/\\\/www.novalair.lu\\\/\"},{\"@type\":\"ListItem\",\"position\":2,\"name\":\"Nettoyage &amp; d\u00e9tartrage de chaudi\u00e8res\"}]},{\"@type\":\"WebSite\",\"@id\":\"https:\\\/\\\/www.novalair.lu\\\/#website\",\"url\":\"https:\\\/\\\/www.novalair.lu\\\/\",\"name\":\"Novalair\",\"description\":\"L&#039;excellence au service de l&#039;eau et de l&#039;air\",\"publisher\":{\"@id\":\"https:\\\/\\\/www.novalair.lu\\\/#organization\"},\"potentialAction\":[{\"@type\":\"SearchAction\",\"target\":{\"@type\":\"EntryPoint\",\"urlTemplate\":\"https:\\\/\\\/www.novalair.lu\\\/?s={search_term_string}\"},\"query-input\":{\"@type\":\"PropertyValueSpecification\",\"valueRequired\":true,\"valueName\":\"search_term_string\"}}],\"inLanguage\":\"fr-FR\"},{\"@type\":\"Organization\",\"@id\":\"https:\\\/\\\/www.novalair.lu\\\/#organization\",\"name\":\"Novalair\",\"url\":\"https:\\\/\\\/www.novalair.lu\\\/\",\"logo\":{\"@type\":\"ImageObject\",\"inLanguage\":\"fr-FR\",\"@id\":\"https:\\\/\\\/www.novalair.lu\\\/#\\\/schema\\\/logo\\\/image\\\/\",\"url\":\"https:\\\/\\\/www.novalair.lu\\\/wp-content\\\/uploads\\\/2023\\\/04\\\/cropped-Logo_without_baiseline.png\",\"contentUrl\":\"https:\\\/\\\/www.novalair.lu\\\/wp-content\\\/uploads\\\/2023\\\/04\\\/cropped-Logo_without_baiseline.png\",\"width\":865,\"height\":177,\"caption\":\"Novalair\"},\"image\":{\"@id\":\"https:\\\/\\\/www.novalair.lu\\\/#\\\/schema\\\/logo\\\/image\\\/\"}}]}<\/script>\n<!-- \/ Yoast SEO plugin. -->","yoast_head_json":{"title":"Nettoyage &amp; d\u00e9tartrage de chaudi\u00e8res - Novalair","description":"D\u00e9couvrez nos services de nettoyage et d\u00e9tartrage professionnels pour ballons d'eau chaude et chaudi\u00e8res \u00e0 Luxembourg.","robots":{"index":"index","follow":"follow","max-snippet":"max-snippet:-1","max-image-preview":"max-image-preview:large","max-video-preview":"max-video-preview:-1"},"canonical":"https:\/\/www.novalair.lu\/index.php\/nettoyage-detartrage-ballons-deau-chaude-chaudieres\/","og_locale":"fr_FR","og_type":"article","og_title":"Nettoyage &amp; d\u00e9tartrage de chaudi\u00e8res - Novalair","og_description":"D\u00e9couvrez nos services de nettoyage et d\u00e9tartrage professionnels pour ballons d'eau chaude et chaudi\u00e8res \u00e0 Luxembourg.","og_url":"https:\/\/www.novalair.lu\/index.php\/nettoyage-detartrage-ballons-deau-chaude-chaudieres\/","og_site_name":"Novalair","article_modified_time":"2024-09-10T16:26:55+00:00","twitter_card":"summary_large_image","twitter_misc":{"Dur\u00e9e de lecture estim\u00e9e":"1 minute"},"schema":{"@context":"https:\/\/schema.org","@graph":[{"@type":"WebPage","@id":"https:\/\/www.novalair.lu\/index.php\/nettoyage-detartrage-ballons-deau-chaude-chaudieres\/","url":"https:\/\/www.novalair.lu\/index.php\/nettoyage-detartrage-ballons-deau-chaude-chaudieres\/","name":"Nettoyage &amp; d\u00e9tartrage de chaudi\u00e8res - Novalair","isPartOf":{"@id":"https:\/\/www.novalair.lu\/#website"},"datePublished":"2023-04-09T07:00:03+00:00","dateModified":"2024-09-10T16:26:55+00:00","description":"D\u00e9couvrez nos services de nettoyage et d\u00e9tartrage professionnels pour ballons d'eau chaude et chaudi\u00e8res \u00e0 Luxembourg.","breadcrumb":{"@id":"https:\/\/www.novalair.lu\/index.php\/nettoyage-detartrage-ballons-deau-chaude-chaudieres\/#breadcrumb"},"inLanguage":"fr-FR","potentialAction":[{"@type":"ReadAction","target":["https:\/\/www.novalair.lu\/index.php\/nettoyage-detartrage-ballons-deau-chaude-chaudieres\/"]}]},{"@type":"BreadcrumbList","@id":"https:\/\/www.novalair.lu\/index.php\/nettoyage-detartrage-ballons-deau-chaude-chaudieres\/#breadcrumb","itemListElement":[{"@type":"ListItem","position":1,"name":"Accueil","item":"https:\/\/www.novalair.lu\/"},{"@type":"ListItem","position":2,"name":"Nettoyage &amp; d\u00e9tartrage de chaudi\u00e8res"}]},{"@type":"WebSite","@id":"https:\/\/www.novalair.lu\/#website","url":"https:\/\/www.novalair.lu\/","name":"Novalair","description":"L&#039;excellence au service de l&#039;eau et de l&#039;air","publisher":{"@id":"https:\/\/www.novalair.lu\/#organization"},"potentialAction":[{"@type":"SearchAction","target":{"@type":"EntryPoint","urlTemplate":"https:\/\/www.novalair.lu\/?s={search_term_string}"},"query-input":{"@type":"PropertyValueSpecification","valueRequired":true,"valueName":"search_term_string"}}],"inLanguage":"fr-FR"},{"@type":"Organization","@id":"https:\/\/www.novalair.lu\/#organization","name":"Novalair","url":"https:\/\/www.novalair.lu\/","logo":{"@type":"ImageObject","inLanguage":"fr-FR","@id":"https:\/\/www.novalair.lu\/#\/schema\/logo\/image\/","url":"https:\/\/www.novalair.lu\/wp-content\/uploads\/2023\/04\/cropped-Logo_without_baiseline.png","contentUrl":"https:\/\/www.novalair.lu\/wp-content\/uploads\/2023\/04\/cropped-Logo_without_baiseline.png","width":865,"height":177,"caption":"Novalair"},"image":{"@id":"https:\/\/www.novalair.lu\/#\/schema\/logo\/image\/"}}]}},"_links":{"self":[{"href":"https:\/\/www.novalair.lu\/index.php\/wp-json\/wp\/v2\/pages\/807","targetHints":{"allow":["GET"]}}],"collection":[{"href":"https:\/\/www.novalair.lu\/index.php\/wp-json\/wp\/v2\/pages"}],"about":[{"href":"https:\/\/www.novalair.lu\/index.php\/wp-json\/wp\/v2\/types\/page"}],"author":[{"embeddable":true,"href":"https:\/\/www.novalair.lu\/index.php\/wp-json\/wp\/v2\/users\/1"}],"replies":[{"embeddable":true,"href":"https:\/\/www.novalair.lu\/index.php\/wp-json\/wp\/v2\/comments?post=807"}],"version-history":[{"count":20,"href":"https:\/\/www.novalair.lu\/index.php\/wp-json\/wp\/v2\/pages\/807\/revisions"}],"predecessor-version":[{"id":1538,"href":"https:\/\/www.novalair.lu\/index.php\/wp-json\/wp\/v2\/pages\/807\/revisions\/1538"}],"wp:attachment":[{"href":"https:\/\/www.novalair.lu\/index.php\/wp-json\/wp\/v2\/media?parent=807"}],"curies":[{"name":"wp","href":"https:\/\/api.w.org\/{rel}","templated":true}]}}