{"id":733,"date":"2023-04-09T09:55:21","date_gmt":"2023-04-09T07:55:21","guid":{"rendered":"https:\/\/www.novalair.lu\/?page_id=733"},"modified":"2024-09-11T17:56:33","modified_gmt":"2024-09-11T15:56:33","slug":"surveillance-qualite-de-lair-interieur-qai","status":"publish","type":"page","link":"https:\/\/www.novalair.lu\/index.php\/surveillance-qualite-de-lair-interieur-qai\/","title":{"rendered":"Surveillance Qualit\u00e9 de l&rsquo;Air Int\u00e9rieur (QAI)"},"content":{"rendered":"\t\t<div data-elementor-type=\"wp-page\" data-elementor-id=\"733\" class=\"elementor elementor-733\">\n\t\t\t\t\t\t<section class=\"elementor-section elementor-top-section elementor-element elementor-element-78798d1 elementor-section-boxed elementor-section-height-default elementor-section-height-default\" data-id=\"78798d1\" data-element_type=\"section\" data-e-type=\"section\">\n\t\t\t\t\t\t<div class=\"elementor-container elementor-column-gap-default\">\n\t\t\t\t\t<div class=\"elementor-column elementor-col-100 elementor-top-column elementor-element elementor-element-0ed8332\" data-id=\"0ed8332\" data-element_type=\"column\" data-e-type=\"column\">\n\t\t\t<div class=\"elementor-widget-wrap elementor-element-populated\">\n\t\t\t\t\t\t<div class=\"elementor-element elementor-element-f3ed470 elementor-widget elementor-widget-text-editor\" data-id=\"f3ed470\" data-element_type=\"widget\" data-e-type=\"widget\" data-widget_type=\"text-editor.default\">\n\t\t\t\t<div class=\"elementor-widget-container\">\n\t\t\t\t\t\t\t\t\t<p><strong>Pourquoi mettre en place un programme de surveillance de la QAI\u00a0?<br \/><\/strong>L\u2019air int\u00e9rieur est 5 \u00e0 10 fois plus pollu\u00e9 qu\u2019\u00e0 l\u2019ext\u00e9rieur et nous passons 80 % de notre temps dans des espaces clos (logement, lieu de travail, transport, \u00e9cole\u2026).<\/p><p>La qualit\u00e9 de l\u2019air int\u00e9rieur est ainsi, depuis plusieurs ann\u00e9es, une pr\u00e9occupation de sant\u00e9 publique. Les cons\u00e9quences sur la sant\u00e9 peuvent se traduire par des maux de t\u00eate, des irritations des yeux, du nez et des voies respiratoires, des allergies respiratoires, des maladies chroniques comme l\u2019asthme, des vertiges et des naus\u00e9es.<\/p><p>Certaines substances peuvent avoir un effet canc\u00e9rig\u00e8ne. Dans certains cas, on parle de \u00ab\u00a0<strong>syndrome du b\u00e2timent malsain<\/strong>\u00a0\u00bb. Une mauvaise qualit\u00e9 de l\u2019air agit aussi sur la concentration des personnes (fatigue, baisse d\u2019attention) et dans certains cas sur l\u2019absent\u00e9isme.<\/p><p><strong>Comment optimiser la qualit\u00e9 de l\u2019air int\u00e9rieur\u00a0?<br \/><\/strong>S\u2019assurer de la qualit\u00e9 de la ventilation : entretenir et contr\u00f4ler r\u00e9guli\u00e8rement les installations d\u2019a\u00e9ration et d\u2019assainissement des locaux.<\/p><p>Surveiller la qualit\u00e9 de l\u2019air en \u00e9valuant et en mesurant r\u00e9guli\u00e8rement la pr\u00e9sence de polluants dans l\u2019air<\/p><p><strong>Contr\u00f4le des param\u00e8tres physico-chimiques et microbiologiques de l\u2019air int\u00e9rieur\u00a0:<\/strong><\/p><ul><li>Temp\u00e9rature<\/li><li>Hygrom\u00e9trie<\/li><li>Dioxyde de Carbone (CO<sup>2<\/sup>)<\/li><li>Monoxyde de Carbone (CO)<\/li><li>Compos\u00e9s Organiques Volatiles Totaux (COVT)\u00a0<\/li><li>Formald\u00e9hyde, Benz\u00e8ne, Dioxyde d\u2019Azote<\/li><li>Particules fines PM2.5 \/ PM10<\/li><li>Flore Bact\u00e9rienne, Flore Fongique<\/li><li>Germes pathog\u00e8nes<\/li><\/ul>\t\t\t\t\t\t\t\t<\/div>\n\t\t\t\t<\/div>\n\t\t\t\t\t<\/div>\n\t\t<\/div>\n\t\t\t\t\t<\/div>\n\t\t<\/section>\n\t\t\t\t<\/div>\n\t\t","protected":false},"excerpt":{"rendered":"<p>Pourquoi mettre en place un programme de surveillance de la QAI\u00a0?L\u2019air int\u00e9rieur est 5 \u00e0 10 fois plus pollu\u00e9 qu\u2019\u00e0&#8230;<\/p>\n","protected":false},"author":1,"featured_media":0,"parent":0,"menu_order":0,"comment_status":"closed","ping_status":"closed","template":"","meta":{"om_disable_all_campaigns":false,"_monsterinsights_skip_tracking":false,"_monsterinsights_sitenote_active":false,"_monsterinsights_sitenote_note":"","_monsterinsights_sitenote_category":0,"_uf_show_specific_survey":0,"_uf_disable_surveys":false,"_glsr_average":0,"_glsr_ranking":0,"_glsr_reviews":0,"footnotes":""},"class_list":["post-733","page","type-page","status-publish","hentry"],"yoast_head":"<!-- This site is optimized with the Yoast SEO plugin v27.4 - https:\/\/yoast.com\/product\/yoast-seo-wordpress\/ -->\n<title>Surveillance Qualit\u00e9 de l&#039;Air Int\u00e9rieur (QAI) - Novalair<\/title>\n<meta name=\"description\" content=\"La qualit\u00e9 de l\u2019air int\u00e9rieur est depuis plusieurs ann\u00e9es, une pr\u00e9occupation de sant\u00e9 publique. Contactez-nous pour plus d&#039;information.\" \/>\n<meta name=\"robots\" content=\"index, follow, max-snippet:-1, max-image-preview:large, max-video-preview:-1\" \/>\n<link rel=\"canonical\" href=\"https:\/\/www.novalair.lu\/index.php\/surveillance-qualite-de-lair-interieur-qai\/\" \/>\n<meta property=\"og:locale\" content=\"fr_FR\" \/>\n<meta property=\"og:type\" content=\"article\" \/>\n<meta property=\"og:title\" content=\"Surveillance Qualit\u00e9 de l&#039;Air Int\u00e9rieur (QAI) - Novalair\" \/>\n<meta property=\"og:description\" content=\"La qualit\u00e9 de l\u2019air int\u00e9rieur est depuis plusieurs ann\u00e9es, une pr\u00e9occupation de sant\u00e9 publique. Contactez-nous pour plus d&#039;information.\" \/>\n<meta property=\"og:url\" content=\"https:\/\/www.novalair.lu\/index.php\/surveillance-qualite-de-lair-interieur-qai\/\" \/>\n<meta property=\"og:site_name\" content=\"Novalair\" \/>\n<meta property=\"article:modified_time\" content=\"2024-09-11T15:56:33+00:00\" \/>\n<meta name=\"twitter:card\" content=\"summary_large_image\" \/>\n<meta name=\"twitter:label1\" content=\"Dur\u00e9e de lecture estim\u00e9e\" \/>\n\t<meta name=\"twitter:data1\" content=\"2 minutes\" \/>\n<script type=\"application\/ld+json\" class=\"yoast-schema-graph\">{\"@context\":\"https:\\\/\\\/schema.org\",\"@graph\":[{\"@type\":\"WebPage\",\"@id\":\"https:\\\/\\\/www.novalair.lu\\\/index.php\\\/surveillance-qualite-de-lair-interieur-qai\\\/\",\"url\":\"https:\\\/\\\/www.novalair.lu\\\/index.php\\\/surveillance-qualite-de-lair-interieur-qai\\\/\",\"name\":\"Surveillance Qualit\u00e9 de l'Air Int\u00e9rieur (QAI) - Novalair\",\"isPartOf\":{\"@id\":\"https:\\\/\\\/www.novalair.lu\\\/#website\"},\"datePublished\":\"2023-04-09T07:55:21+00:00\",\"dateModified\":\"2024-09-11T15:56:33+00:00\",\"description\":\"La qualit\u00e9 de l\u2019air int\u00e9rieur est depuis plusieurs ann\u00e9es, une pr\u00e9occupation de sant\u00e9 publique. Contactez-nous pour plus d'information.\",\"breadcrumb\":{\"@id\":\"https:\\\/\\\/www.novalair.lu\\\/index.php\\\/surveillance-qualite-de-lair-interieur-qai\\\/#breadcrumb\"},\"inLanguage\":\"fr-FR\",\"potentialAction\":[{\"@type\":\"ReadAction\",\"target\":[\"https:\\\/\\\/www.novalair.lu\\\/index.php\\\/surveillance-qualite-de-lair-interieur-qai\\\/\"]}]},{\"@type\":\"BreadcrumbList\",\"@id\":\"https:\\\/\\\/www.novalair.lu\\\/index.php\\\/surveillance-qualite-de-lair-interieur-qai\\\/#breadcrumb\",\"itemListElement\":[{\"@type\":\"ListItem\",\"position\":1,\"name\":\"Accueil\",\"item\":\"https:\\\/\\\/www.novalair.lu\\\/\"},{\"@type\":\"ListItem\",\"position\":2,\"name\":\"Surveillance Qualit\u00e9 de l&rsquo;Air Int\u00e9rieur (QAI)\"}]},{\"@type\":\"WebSite\",\"@id\":\"https:\\\/\\\/www.novalair.lu\\\/#website\",\"url\":\"https:\\\/\\\/www.novalair.lu\\\/\",\"name\":\"Novalair\",\"description\":\"L&#039;excellence au service de l&#039;eau et de l&#039;air\",\"publisher\":{\"@id\":\"https:\\\/\\\/www.novalair.lu\\\/#organization\"},\"potentialAction\":[{\"@type\":\"SearchAction\",\"target\":{\"@type\":\"EntryPoint\",\"urlTemplate\":\"https:\\\/\\\/www.novalair.lu\\\/?s={search_term_string}\"},\"query-input\":{\"@type\":\"PropertyValueSpecification\",\"valueRequired\":true,\"valueName\":\"search_term_string\"}}],\"inLanguage\":\"fr-FR\"},{\"@type\":\"Organization\",\"@id\":\"https:\\\/\\\/www.novalair.lu\\\/#organization\",\"name\":\"Novalair\",\"url\":\"https:\\\/\\\/www.novalair.lu\\\/\",\"logo\":{\"@type\":\"ImageObject\",\"inLanguage\":\"fr-FR\",\"@id\":\"https:\\\/\\\/www.novalair.lu\\\/#\\\/schema\\\/logo\\\/image\\\/\",\"url\":\"https:\\\/\\\/www.novalair.lu\\\/wp-content\\\/uploads\\\/2023\\\/04\\\/cropped-Logo_without_baiseline.png\",\"contentUrl\":\"https:\\\/\\\/www.novalair.lu\\\/wp-content\\\/uploads\\\/2023\\\/04\\\/cropped-Logo_without_baiseline.png\",\"width\":865,\"height\":177,\"caption\":\"Novalair\"},\"image\":{\"@id\":\"https:\\\/\\\/www.novalair.lu\\\/#\\\/schema\\\/logo\\\/image\\\/\"}}]}<\/script>\n<!-- \/ Yoast SEO plugin. -->","yoast_head_json":{"title":"Surveillance Qualit\u00e9 de l'Air Int\u00e9rieur (QAI) - Novalair","description":"La qualit\u00e9 de l\u2019air int\u00e9rieur est depuis plusieurs ann\u00e9es, une pr\u00e9occupation de sant\u00e9 publique. Contactez-nous pour plus d'information.","robots":{"index":"index","follow":"follow","max-snippet":"max-snippet:-1","max-image-preview":"max-image-preview:large","max-video-preview":"max-video-preview:-1"},"canonical":"https:\/\/www.novalair.lu\/index.php\/surveillance-qualite-de-lair-interieur-qai\/","og_locale":"fr_FR","og_type":"article","og_title":"Surveillance Qualit\u00e9 de l'Air Int\u00e9rieur (QAI) - Novalair","og_description":"La qualit\u00e9 de l\u2019air int\u00e9rieur est depuis plusieurs ann\u00e9es, une pr\u00e9occupation de sant\u00e9 publique. Contactez-nous pour plus d'information.","og_url":"https:\/\/www.novalair.lu\/index.php\/surveillance-qualite-de-lair-interieur-qai\/","og_site_name":"Novalair","article_modified_time":"2024-09-11T15:56:33+00:00","twitter_card":"summary_large_image","twitter_misc":{"Dur\u00e9e de lecture estim\u00e9e":"2 minutes"},"schema":{"@context":"https:\/\/schema.org","@graph":[{"@type":"WebPage","@id":"https:\/\/www.novalair.lu\/index.php\/surveillance-qualite-de-lair-interieur-qai\/","url":"https:\/\/www.novalair.lu\/index.php\/surveillance-qualite-de-lair-interieur-qai\/","name":"Surveillance Qualit\u00e9 de l'Air Int\u00e9rieur (QAI) - Novalair","isPartOf":{"@id":"https:\/\/www.novalair.lu\/#website"},"datePublished":"2023-04-09T07:55:21+00:00","dateModified":"2024-09-11T15:56:33+00:00","description":"La qualit\u00e9 de l\u2019air int\u00e9rieur est depuis plusieurs ann\u00e9es, une pr\u00e9occupation de sant\u00e9 publique. Contactez-nous pour plus d'information.","breadcrumb":{"@id":"https:\/\/www.novalair.lu\/index.php\/surveillance-qualite-de-lair-interieur-qai\/#breadcrumb"},"inLanguage":"fr-FR","potentialAction":[{"@type":"ReadAction","target":["https:\/\/www.novalair.lu\/index.php\/surveillance-qualite-de-lair-interieur-qai\/"]}]},{"@type":"BreadcrumbList","@id":"https:\/\/www.novalair.lu\/index.php\/surveillance-qualite-de-lair-interieur-qai\/#breadcrumb","itemListElement":[{"@type":"ListItem","position":1,"name":"Accueil","item":"https:\/\/www.novalair.lu\/"},{"@type":"ListItem","position":2,"name":"Surveillance Qualit\u00e9 de l&rsquo;Air Int\u00e9rieur (QAI)"}]},{"@type":"WebSite","@id":"https:\/\/www.novalair.lu\/#website","url":"https:\/\/www.novalair.lu\/","name":"Novalair","description":"L&#039;excellence au service de l&#039;eau et de l&#039;air","publisher":{"@id":"https:\/\/www.novalair.lu\/#organization"},"potentialAction":[{"@type":"SearchAction","target":{"@type":"EntryPoint","urlTemplate":"https:\/\/www.novalair.lu\/?s={search_term_string}"},"query-input":{"@type":"PropertyValueSpecification","valueRequired":true,"valueName":"search_term_string"}}],"inLanguage":"fr-FR"},{"@type":"Organization","@id":"https:\/\/www.novalair.lu\/#organization","name":"Novalair","url":"https:\/\/www.novalair.lu\/","logo":{"@type":"ImageObject","inLanguage":"fr-FR","@id":"https:\/\/www.novalair.lu\/#\/schema\/logo\/image\/","url":"https:\/\/www.novalair.lu\/wp-content\/uploads\/2023\/04\/cropped-Logo_without_baiseline.png","contentUrl":"https:\/\/www.novalair.lu\/wp-content\/uploads\/2023\/04\/cropped-Logo_without_baiseline.png","width":865,"height":177,"caption":"Novalair"},"image":{"@id":"https:\/\/www.novalair.lu\/#\/schema\/logo\/image\/"}}]}},"_links":{"self":[{"href":"https:\/\/www.novalair.lu\/index.php\/wp-json\/wp\/v2\/pages\/733","targetHints":{"allow":["GET"]}}],"collection":[{"href":"https:\/\/www.novalair.lu\/index.php\/wp-json\/wp\/v2\/pages"}],"about":[{"href":"https:\/\/www.novalair.lu\/index.php\/wp-json\/wp\/v2\/types\/page"}],"author":[{"embeddable":true,"href":"https:\/\/www.novalair.lu\/index.php\/wp-json\/wp\/v2\/users\/1"}],"replies":[{"embeddable":true,"href":"https:\/\/www.novalair.lu\/index.php\/wp-json\/wp\/v2\/comments?post=733"}],"version-history":[{"count":27,"href":"https:\/\/www.novalair.lu\/index.php\/wp-json\/wp\/v2\/pages\/733\/revisions"}],"predecessor-version":[{"id":1625,"href":"https:\/\/www.novalair.lu\/index.php\/wp-json\/wp\/v2\/pages\/733\/revisions\/1625"}],"wp:attachment":[{"href":"https:\/\/www.novalair.lu\/index.php\/wp-json\/wp\/v2\/media?parent=733"}],"curies":[{"name":"wp","href":"https:\/\/api.w.org\/{rel}","templated":true}]}}