{"id":723,"date":"2023-04-09T09:00:28","date_gmt":"2023-04-09T07:00:28","guid":{"rendered":"https:\/\/www.novalair.lu\/?page_id=723"},"modified":"2024-09-11T16:56:17","modified_gmt":"2024-09-11T14:56:17","slug":"nettoyage-et-degraissage-de-systemes-de-ventilation","status":"publish","type":"page","link":"https:\/\/www.novalair.lu\/index.php\/nettoyage-et-degraissage-de-systemes-de-ventilation\/","title":{"rendered":"ULTRA PROPRET\u00c9"},"content":{"rendered":"\t\t<div data-elementor-type=\"wp-page\" data-elementor-id=\"723\" class=\"elementor elementor-723\">\n\t\t\t\t\t\t<section class=\"elementor-section elementor-top-section elementor-element elementor-element-80a0ef9 elementor-section-boxed elementor-section-height-default elementor-section-height-default\" data-id=\"80a0ef9\" data-element_type=\"section\" data-e-type=\"section\">\n\t\t\t\t\t\t<div class=\"elementor-container elementor-column-gap-default\">\n\t\t\t\t\t<div class=\"elementor-column elementor-col-100 elementor-top-column elementor-element elementor-element-cd30da3\" data-id=\"cd30da3\" data-element_type=\"column\" data-e-type=\"column\">\n\t\t\t<div class=\"elementor-widget-wrap elementor-element-populated\">\n\t\t\t\t\t\t<div class=\"elementor-element elementor-element-25e69ed elementor-widget elementor-widget-text-editor\" data-id=\"25e69ed\" data-element_type=\"widget\" data-e-type=\"widget\" data-widget_type=\"text-editor.default\">\n\t\t\t\t<div class=\"elementor-widget-container\">\n\t\t\t\t\t\t\t\t\t<div class=\"page\" title=\"Page 2\"><div class=\"layoutArea\"><div class=\"column\"><p><strong>Mise a\u0300 gris<\/strong> : de\u0301poussie\u0301rage des surfaces d\u2019une salle blanche, d\u2019un laboratoire ou d\u2019une zone de production<\/p><p><strong>Mise a\u0300 blanc<\/strong> : de\u0301poussie\u0301rage fin des diffe\u0301rentes surfaces d\u2019une salle blanche, d\u2019un laboratoire ou d\u2019une zone de production<\/p><p>De\u0301sinfection des Surfaces par Voie Ae\u0301rienne (DSVA)<\/p><\/div><\/div><\/div>\t\t\t\t\t\t\t\t<\/div>\n\t\t\t\t<\/div>\n\t\t\t\t\t<\/div>\n\t\t<\/div>\n\t\t\t\t\t<\/div>\n\t\t<\/section>\n\t\t\t\t<section class=\"elementor-section elementor-top-section elementor-element elementor-element-644bb72 elementor-section-boxed elementor-section-height-default elementor-section-height-default\" data-id=\"644bb72\" data-element_type=\"section\" data-e-type=\"section\">\n\t\t\t\t\t\t<div class=\"elementor-container elementor-column-gap-default\">\n\t\t\t\t\t<div class=\"elementor-column elementor-col-50 elementor-top-column elementor-element elementor-element-f9c15f8\" data-id=\"f9c15f8\" data-element_type=\"column\" data-e-type=\"column\">\n\t\t\t<div class=\"elementor-widget-wrap elementor-element-populated\">\n\t\t\t\t\t\t<div class=\"elementor-element elementor-element-35cba50 elementor-widget elementor-widget-image\" data-id=\"35cba50\" data-element_type=\"widget\" data-e-type=\"widget\" data-widget_type=\"image.default\">\n\t\t\t\t<div class=\"elementor-widget-container\">\n\t\t\t\t\t\t\t\t\t\t\t\t\t\t\t<img fetchpriority=\"high\" decoding=\"async\" width=\"768\" height=\"1024\" src=\"https:\/\/www.novalair.lu\/wp-content\/uploads\/2024\/09\/IMG_4707-768x1024.jpg\" class=\"attachment-large size-large wp-image-1442\" alt=\"\" srcset=\"https:\/\/www.novalair.lu\/wp-content\/uploads\/2024\/09\/IMG_4707-768x1024.jpg 768w, https:\/\/www.novalair.lu\/wp-content\/uploads\/2024\/09\/IMG_4707-225x300.jpg 225w, https:\/\/www.novalair.lu\/wp-content\/uploads\/2024\/09\/IMG_4707-1152x1536.jpg 1152w, https:\/\/www.novalair.lu\/wp-content\/uploads\/2024\/09\/IMG_4707-1536x2048.jpg 1536w, https:\/\/www.novalair.lu\/wp-content\/uploads\/2024\/09\/IMG_4707-scaled.jpg 1920w\" sizes=\"(max-width: 768px) 100vw, 768px\" \/>\t\t\t\t\t\t\t\t\t\t\t\t\t\t\t<\/div>\n\t\t\t\t<\/div>\n\t\t\t\t\t<\/div>\n\t\t<\/div>\n\t\t\t\t<div class=\"elementor-column elementor-col-50 elementor-top-column elementor-element elementor-element-2fcc6ea\" data-id=\"2fcc6ea\" data-element_type=\"column\" data-e-type=\"column\">\n\t\t\t<div class=\"elementor-widget-wrap elementor-element-populated\">\n\t\t\t\t\t\t<div class=\"elementor-element elementor-element-ffcffba elementor-widget elementor-widget-image\" data-id=\"ffcffba\" data-element_type=\"widget\" data-e-type=\"widget\" data-widget_type=\"image.default\">\n\t\t\t\t<div class=\"elementor-widget-container\">\n\t\t\t\t\t\t\t\t\t\t\t\t\t\t\t<img decoding=\"async\" width=\"780\" height=\"520\" src=\"https:\/\/www.novalair.lu\/wp-content\/uploads\/2021\/10\/proprete\u0301-web-1024x683.jpg\" class=\"attachment-large size-large wp-image-658\" alt=\"\" srcset=\"https:\/\/www.novalair.lu\/wp-content\/uploads\/2021\/10\/proprete\u0301-web-1024x683.jpg 1024w, https:\/\/www.novalair.lu\/wp-content\/uploads\/2021\/10\/proprete\u0301-web-300x200.jpg 300w, https:\/\/www.novalair.lu\/wp-content\/uploads\/2021\/10\/proprete\u0301-web-768x512.jpg 768w, https:\/\/www.novalair.lu\/wp-content\/uploads\/2021\/10\/proprete\u0301-web-1536x1024.jpg 1536w, https:\/\/www.novalair.lu\/wp-content\/uploads\/2021\/10\/proprete\u0301-web-2048x1365.jpg 2048w\" sizes=\"(max-width: 780px) 100vw, 780px\" \/>\t\t\t\t\t\t\t\t\t\t\t\t\t\t\t<\/div>\n\t\t\t\t<\/div>\n\t\t\t\t<div class=\"elementor-element elementor-element-be28294 elementor-widget elementor-widget-image\" data-id=\"be28294\" data-element_type=\"widget\" data-e-type=\"widget\" data-widget_type=\"image.default\">\n\t\t\t\t<div class=\"elementor-widget-container\">\n\t\t\t\t\t\t\t\t\t\t\t\t\t\t\t<img decoding=\"async\" width=\"780\" height=\"585\" src=\"https:\/\/www.novalair.lu\/wp-content\/uploads\/2023\/04\/Audit-Controle-min.jpg\" class=\"attachment-large size-large wp-image-740\" alt=\"\" srcset=\"https:\/\/www.novalair.lu\/wp-content\/uploads\/2023\/04\/Audit-Controle-min.jpg 1024w, https:\/\/www.novalair.lu\/wp-content\/uploads\/2023\/04\/Audit-Controle-min-300x225.jpg 300w, https:\/\/www.novalair.lu\/wp-content\/uploads\/2023\/04\/Audit-Controle-min-768x576.jpg 768w\" sizes=\"(max-width: 780px) 100vw, 780px\" \/>\t\t\t\t\t\t\t\t\t\t\t\t\t\t\t<\/div>\n\t\t\t\t<\/div>\n\t\t\t\t\t<\/div>\n\t\t<\/div>\n\t\t\t\t\t<\/div>\n\t\t<\/section>\n\t\t\t\t<section class=\"elementor-section elementor-top-section elementor-element elementor-element-4d108d9 elementor-section-boxed elementor-section-height-default elementor-section-height-default\" data-id=\"4d108d9\" data-element_type=\"section\" data-e-type=\"section\">\n\t\t\t\t\t\t<div class=\"elementor-container elementor-column-gap-default\">\n\t\t\t\t\t<div class=\"elementor-column elementor-col-100 elementor-top-column elementor-element elementor-element-8ea8da4\" data-id=\"8ea8da4\" data-element_type=\"column\" data-e-type=\"column\">\n\t\t\t<div class=\"elementor-widget-wrap\">\n\t\t\t\t\t\t\t<\/div>\n\t\t<\/div>\n\t\t\t\t\t<\/div>\n\t\t<\/section>\n\t\t\t\t<\/div>\n\t\t","protected":false},"excerpt":{"rendered":"<p>Mise a\u0300 gris : de\u0301poussie\u0301rage des surfaces d\u2019une salle blanche, d\u2019un laboratoire ou d\u2019une zone de production Mise a\u0300 blanc&#8230;<\/p>\n","protected":false},"author":1,"featured_media":0,"parent":0,"menu_order":0,"comment_status":"closed","ping_status":"closed","template":"","meta":{"om_disable_all_campaigns":false,"_monsterinsights_skip_tracking":false,"_monsterinsights_sitenote_active":false,"_monsterinsights_sitenote_note":"","_monsterinsights_sitenote_category":0,"_uf_show_specific_survey":0,"_uf_disable_surveys":false,"_glsr_average":0,"_glsr_ranking":0,"_glsr_reviews":0,"footnotes":""},"class_list":["post-723","page","type-page","status-publish","hentry"],"yoast_head":"<!-- This site is optimized with the Yoast SEO plugin v27.4 - https:\/\/yoast.com\/product\/yoast-seo-wordpress\/ -->\n<title>ULTRA PROPRET\u00c9 - Novalair<\/title>\n<meta name=\"description\" content=\"D\u00e9couvrez nos services de nettoyage et d\u00e9graissage professionnels pour les syst\u00e8mes de ventilation en restauration \u00e0 Luxembourg.\" \/>\n<meta name=\"robots\" content=\"index, follow, max-snippet:-1, max-image-preview:large, max-video-preview:-1\" \/>\n<link rel=\"canonical\" href=\"https:\/\/www.novalair.lu\/index.php\/nettoyage-et-degraissage-de-systemes-de-ventilation\/\" \/>\n<meta property=\"og:locale\" content=\"fr_FR\" \/>\n<meta property=\"og:type\" content=\"article\" \/>\n<meta property=\"og:title\" content=\"ULTRA PROPRET\u00c9 - Novalair\" \/>\n<meta property=\"og:description\" content=\"D\u00e9couvrez nos services de nettoyage et d\u00e9graissage professionnels pour les syst\u00e8mes de ventilation en restauration \u00e0 Luxembourg.\" \/>\n<meta property=\"og:url\" content=\"https:\/\/www.novalair.lu\/index.php\/nettoyage-et-degraissage-de-systemes-de-ventilation\/\" \/>\n<meta property=\"og:site_name\" content=\"Novalair\" \/>\n<meta property=\"article:modified_time\" content=\"2024-09-11T14:56:17+00:00\" \/>\n<meta property=\"og:image\" content=\"https:\/\/www.novalair.lu\/wp-content\/uploads\/2024\/09\/IMG_4707-768x1024.jpg\" \/>\n<meta name=\"twitter:card\" content=\"summary_large_image\" \/>\n<meta name=\"twitter:label1\" content=\"Dur\u00e9e de lecture estim\u00e9e\" \/>\n\t<meta name=\"twitter:data1\" content=\"1 minute\" \/>\n<script type=\"application\/ld+json\" class=\"yoast-schema-graph\">{\"@context\":\"https:\\\/\\\/schema.org\",\"@graph\":[{\"@type\":\"WebPage\",\"@id\":\"https:\\\/\\\/www.novalair.lu\\\/index.php\\\/nettoyage-et-degraissage-de-systemes-de-ventilation\\\/\",\"url\":\"https:\\\/\\\/www.novalair.lu\\\/index.php\\\/nettoyage-et-degraissage-de-systemes-de-ventilation\\\/\",\"name\":\"ULTRA PROPRET\u00c9 - Novalair\",\"isPartOf\":{\"@id\":\"https:\\\/\\\/www.novalair.lu\\\/#website\"},\"primaryImageOfPage\":{\"@id\":\"https:\\\/\\\/www.novalair.lu\\\/index.php\\\/nettoyage-et-degraissage-de-systemes-de-ventilation\\\/#primaryimage\"},\"image\":{\"@id\":\"https:\\\/\\\/www.novalair.lu\\\/index.php\\\/nettoyage-et-degraissage-de-systemes-de-ventilation\\\/#primaryimage\"},\"thumbnailUrl\":\"https:\\\/\\\/www.novalair.lu\\\/wp-content\\\/uploads\\\/2024\\\/09\\\/IMG_4707-768x1024.jpg\",\"datePublished\":\"2023-04-09T07:00:28+00:00\",\"dateModified\":\"2024-09-11T14:56:17+00:00\",\"description\":\"D\u00e9couvrez nos services de nettoyage et d\u00e9graissage professionnels pour les syst\u00e8mes de ventilation en restauration \u00e0 Luxembourg.\",\"breadcrumb\":{\"@id\":\"https:\\\/\\\/www.novalair.lu\\\/index.php\\\/nettoyage-et-degraissage-de-systemes-de-ventilation\\\/#breadcrumb\"},\"inLanguage\":\"fr-FR\",\"potentialAction\":[{\"@type\":\"ReadAction\",\"target\":[\"https:\\\/\\\/www.novalair.lu\\\/index.php\\\/nettoyage-et-degraissage-de-systemes-de-ventilation\\\/\"]}]},{\"@type\":\"ImageObject\",\"inLanguage\":\"fr-FR\",\"@id\":\"https:\\\/\\\/www.novalair.lu\\\/index.php\\\/nettoyage-et-degraissage-de-systemes-de-ventilation\\\/#primaryimage\",\"url\":\"https:\\\/\\\/www.novalair.lu\\\/wp-content\\\/uploads\\\/2024\\\/09\\\/IMG_4707-scaled.jpg\",\"contentUrl\":\"https:\\\/\\\/www.novalair.lu\\\/wp-content\\\/uploads\\\/2024\\\/09\\\/IMG_4707-scaled.jpg\",\"width\":1920,\"height\":2560},{\"@type\":\"BreadcrumbList\",\"@id\":\"https:\\\/\\\/www.novalair.lu\\\/index.php\\\/nettoyage-et-degraissage-de-systemes-de-ventilation\\\/#breadcrumb\",\"itemListElement\":[{\"@type\":\"ListItem\",\"position\":1,\"name\":\"Accueil\",\"item\":\"https:\\\/\\\/www.novalair.lu\\\/\"},{\"@type\":\"ListItem\",\"position\":2,\"name\":\"ULTRA PROPRET\u00c9\"}]},{\"@type\":\"WebSite\",\"@id\":\"https:\\\/\\\/www.novalair.lu\\\/#website\",\"url\":\"https:\\\/\\\/www.novalair.lu\\\/\",\"name\":\"Novalair\",\"description\":\"L&#039;excellence au service de l&#039;eau et de l&#039;air\",\"publisher\":{\"@id\":\"https:\\\/\\\/www.novalair.lu\\\/#organization\"},\"potentialAction\":[{\"@type\":\"SearchAction\",\"target\":{\"@type\":\"EntryPoint\",\"urlTemplate\":\"https:\\\/\\\/www.novalair.lu\\\/?s={search_term_string}\"},\"query-input\":{\"@type\":\"PropertyValueSpecification\",\"valueRequired\":true,\"valueName\":\"search_term_string\"}}],\"inLanguage\":\"fr-FR\"},{\"@type\":\"Organization\",\"@id\":\"https:\\\/\\\/www.novalair.lu\\\/#organization\",\"name\":\"Novalair\",\"url\":\"https:\\\/\\\/www.novalair.lu\\\/\",\"logo\":{\"@type\":\"ImageObject\",\"inLanguage\":\"fr-FR\",\"@id\":\"https:\\\/\\\/www.novalair.lu\\\/#\\\/schema\\\/logo\\\/image\\\/\",\"url\":\"https:\\\/\\\/www.novalair.lu\\\/wp-content\\\/uploads\\\/2023\\\/04\\\/cropped-Logo_without_baiseline.png\",\"contentUrl\":\"https:\\\/\\\/www.novalair.lu\\\/wp-content\\\/uploads\\\/2023\\\/04\\\/cropped-Logo_without_baiseline.png\",\"width\":865,\"height\":177,\"caption\":\"Novalair\"},\"image\":{\"@id\":\"https:\\\/\\\/www.novalair.lu\\\/#\\\/schema\\\/logo\\\/image\\\/\"}}]}<\/script>\n<!-- \/ Yoast SEO plugin. -->","yoast_head_json":{"title":"ULTRA PROPRET\u00c9 - Novalair","description":"D\u00e9couvrez nos services de nettoyage et d\u00e9graissage professionnels pour les syst\u00e8mes de ventilation en restauration \u00e0 Luxembourg.","robots":{"index":"index","follow":"follow","max-snippet":"max-snippet:-1","max-image-preview":"max-image-preview:large","max-video-preview":"max-video-preview:-1"},"canonical":"https:\/\/www.novalair.lu\/index.php\/nettoyage-et-degraissage-de-systemes-de-ventilation\/","og_locale":"fr_FR","og_type":"article","og_title":"ULTRA PROPRET\u00c9 - Novalair","og_description":"D\u00e9couvrez nos services de nettoyage et d\u00e9graissage professionnels pour les syst\u00e8mes de ventilation en restauration \u00e0 Luxembourg.","og_url":"https:\/\/www.novalair.lu\/index.php\/nettoyage-et-degraissage-de-systemes-de-ventilation\/","og_site_name":"Novalair","article_modified_time":"2024-09-11T14:56:17+00:00","og_image":[{"url":"https:\/\/www.novalair.lu\/wp-content\/uploads\/2024\/09\/IMG_4707-768x1024.jpg","type":"","width":"","height":""}],"twitter_card":"summary_large_image","twitter_misc":{"Dur\u00e9e de lecture estim\u00e9e":"1 minute"},"schema":{"@context":"https:\/\/schema.org","@graph":[{"@type":"WebPage","@id":"https:\/\/www.novalair.lu\/index.php\/nettoyage-et-degraissage-de-systemes-de-ventilation\/","url":"https:\/\/www.novalair.lu\/index.php\/nettoyage-et-degraissage-de-systemes-de-ventilation\/","name":"ULTRA PROPRET\u00c9 - Novalair","isPartOf":{"@id":"https:\/\/www.novalair.lu\/#website"},"primaryImageOfPage":{"@id":"https:\/\/www.novalair.lu\/index.php\/nettoyage-et-degraissage-de-systemes-de-ventilation\/#primaryimage"},"image":{"@id":"https:\/\/www.novalair.lu\/index.php\/nettoyage-et-degraissage-de-systemes-de-ventilation\/#primaryimage"},"thumbnailUrl":"https:\/\/www.novalair.lu\/wp-content\/uploads\/2024\/09\/IMG_4707-768x1024.jpg","datePublished":"2023-04-09T07:00:28+00:00","dateModified":"2024-09-11T14:56:17+00:00","description":"D\u00e9couvrez nos services de nettoyage et d\u00e9graissage professionnels pour les syst\u00e8mes de ventilation en restauration \u00e0 Luxembourg.","breadcrumb":{"@id":"https:\/\/www.novalair.lu\/index.php\/nettoyage-et-degraissage-de-systemes-de-ventilation\/#breadcrumb"},"inLanguage":"fr-FR","potentialAction":[{"@type":"ReadAction","target":["https:\/\/www.novalair.lu\/index.php\/nettoyage-et-degraissage-de-systemes-de-ventilation\/"]}]},{"@type":"ImageObject","inLanguage":"fr-FR","@id":"https:\/\/www.novalair.lu\/index.php\/nettoyage-et-degraissage-de-systemes-de-ventilation\/#primaryimage","url":"https:\/\/www.novalair.lu\/wp-content\/uploads\/2024\/09\/IMG_4707-scaled.jpg","contentUrl":"https:\/\/www.novalair.lu\/wp-content\/uploads\/2024\/09\/IMG_4707-scaled.jpg","width":1920,"height":2560},{"@type":"BreadcrumbList","@id":"https:\/\/www.novalair.lu\/index.php\/nettoyage-et-degraissage-de-systemes-de-ventilation\/#breadcrumb","itemListElement":[{"@type":"ListItem","position":1,"name":"Accueil","item":"https:\/\/www.novalair.lu\/"},{"@type":"ListItem","position":2,"name":"ULTRA PROPRET\u00c9"}]},{"@type":"WebSite","@id":"https:\/\/www.novalair.lu\/#website","url":"https:\/\/www.novalair.lu\/","name":"Novalair","description":"L&#039;excellence au service de l&#039;eau et de l&#039;air","publisher":{"@id":"https:\/\/www.novalair.lu\/#organization"},"potentialAction":[{"@type":"SearchAction","target":{"@type":"EntryPoint","urlTemplate":"https:\/\/www.novalair.lu\/?s={search_term_string}"},"query-input":{"@type":"PropertyValueSpecification","valueRequired":true,"valueName":"search_term_string"}}],"inLanguage":"fr-FR"},{"@type":"Organization","@id":"https:\/\/www.novalair.lu\/#organization","name":"Novalair","url":"https:\/\/www.novalair.lu\/","logo":{"@type":"ImageObject","inLanguage":"fr-FR","@id":"https:\/\/www.novalair.lu\/#\/schema\/logo\/image\/","url":"https:\/\/www.novalair.lu\/wp-content\/uploads\/2023\/04\/cropped-Logo_without_baiseline.png","contentUrl":"https:\/\/www.novalair.lu\/wp-content\/uploads\/2023\/04\/cropped-Logo_without_baiseline.png","width":865,"height":177,"caption":"Novalair"},"image":{"@id":"https:\/\/www.novalair.lu\/#\/schema\/logo\/image\/"}}]}},"_links":{"self":[{"href":"https:\/\/www.novalair.lu\/index.php\/wp-json\/wp\/v2\/pages\/723","targetHints":{"allow":["GET"]}}],"collection":[{"href":"https:\/\/www.novalair.lu\/index.php\/wp-json\/wp\/v2\/pages"}],"about":[{"href":"https:\/\/www.novalair.lu\/index.php\/wp-json\/wp\/v2\/types\/page"}],"author":[{"embeddable":true,"href":"https:\/\/www.novalair.lu\/index.php\/wp-json\/wp\/v2\/users\/1"}],"replies":[{"embeddable":true,"href":"https:\/\/www.novalair.lu\/index.php\/wp-json\/wp\/v2\/comments?post=723"}],"version-history":[{"count":33,"href":"https:\/\/www.novalair.lu\/index.php\/wp-json\/wp\/v2\/pages\/723\/revisions"}],"predecessor-version":[{"id":1606,"href":"https:\/\/www.novalair.lu\/index.php\/wp-json\/wp\/v2\/pages\/723\/revisions\/1606"}],"wp:attachment":[{"href":"https:\/\/www.novalair.lu\/index.php\/wp-json\/wp\/v2\/media?parent=723"}],"curies":[{"name":"wp","href":"https:\/\/api.w.org\/{rel}","templated":true}]}}