{"id":714,"date":"2023-04-09T08:59:28","date_gmt":"2023-04-09T06:59:28","guid":{"rendered":"https:\/\/www.novalair.lu\/?page_id=714"},"modified":"2024-09-11T16:53:03","modified_gmt":"2024-09-11T14:53:03","slug":"hygienisation-aeraulique","status":"publish","type":"page","link":"https:\/\/www.novalair.lu\/index.php\/hygienisation-aeraulique\/","title":{"rendered":"Nettoyage et d\u00e9sinfection"},"content":{"rendered":"\t\t<div data-elementor-type=\"wp-page\" data-elementor-id=\"714\" class=\"elementor elementor-714\">\n\t\t\t\t\t\t<section class=\"elementor-section elementor-top-section elementor-element elementor-element-52faa04 elementor-section-boxed elementor-section-height-default elementor-section-height-default\" data-id=\"52faa04\" data-element_type=\"section\" data-e-type=\"section\">\n\t\t\t\t\t\t<div class=\"elementor-container elementor-column-gap-default\">\n\t\t\t\t\t<div class=\"elementor-column elementor-col-100 elementor-top-column elementor-element elementor-element-69aaf08\" data-id=\"69aaf08\" data-element_type=\"column\" data-e-type=\"column\">\n\t\t\t<div class=\"elementor-widget-wrap elementor-element-populated\">\n\t\t\t\t\t\t<div class=\"elementor-element elementor-element-e0c2b7b elementor-widget elementor-widget-text-editor\" data-id=\"e0c2b7b\" data-element_type=\"widget\" data-e-type=\"widget\" data-widget_type=\"text-editor.default\">\n\t\t\t\t<div class=\"elementor-widget-container\">\n\t\t\t\t\t\t\t\t\t<p><strong>Notre proc\u00e9d\u00e9 NOVAMASTER permet le nettoyage et la d\u00e9sinfection de tout syst\u00e8me de ventilation qui induit, extrait, r\u00e9chauffe, refroidit et filtre l\u2019air dans tous les locaux industriels et les b\u00e2timents publics, professionnels ou r\u00e9sidentiels.<\/strong><\/p><p><strong>Conduits de ventilation<br \/><\/strong>Gaines d\u2019amen\u00e9es d\u2019air neuf, r\u00e9seaux de climatisation, de ventilation double ou simple flux (soufflage\/reprise), HVAC, VMC.\u00a0<\/p><p><strong>Equipements et organes syst\u00e8mes<br \/><\/strong><span style=\"font-size: 16px;\">Centrales de traitement d\u2019air, unit\u00e9 de climatisation, ventilo-convecteurs, \u00e9jecto-convecteurs, a\u00e9rothermes, ventilateurs d\u2019extraction.<\/span><\/p><p><strong>Terminaux<br \/><\/strong>Bouches d\u2019extraction, diffuseurs de soufflage, grilles de ventilation, caissons de filtration terminaux, batteries \u00e9lectrique, gaines textiles.<\/p><p><strong>DVN<\/strong>\u00a0<strong>D<\/strong>\u00e9sinfection des\u00a0<strong>V<\/strong>entilations par\u00a0<strong>N<\/strong>\u00e9bulisation<br \/>Diffusion d\u2019un biocide \u00e0 spectre large (bact\u00e9ricide, fongicide, virucide)<\/p><p><strong>Filtration de l\u2019air<br \/><\/strong>Remplacement de filtres \u00e0 air sur CTA, ventilo-convecteurs, \u00e9jecto-convecteurs.<br \/>Remplacement de filtres haute et tr\u00e8s haute efficacit\u00e9 (Filtres terminaux, plafond filtrant etc.)\u00a0<\/p><div class=\"wp-block-columns\"><div class=\"wp-block-column\"><p><strong>Trappes de nettoyage<br \/><\/strong>Fourniture et pose de trappes de visite sur les conduits de ventilation.<\/p><\/div><p><strong>Nettoyage, permutation r\u00e9paration et fourniture des gaines textiles<\/strong><\/p><\/div>\t\t\t\t\t\t\t\t<\/div>\n\t\t\t\t<\/div>\n\t\t\t\t\t<\/div>\n\t\t<\/div>\n\t\t\t\t\t<\/div>\n\t\t<\/section>\n\t\t\t\t<\/div>\n\t\t","protected":false},"excerpt":{"rendered":"<p>Notre proc\u00e9d\u00e9 NOVAMASTER permet le nettoyage et la d\u00e9sinfection de tout syst\u00e8me de ventilation qui induit, extrait, r\u00e9chauffe, refroidit et&#8230;<\/p>\n","protected":false},"author":1,"featured_media":0,"parent":0,"menu_order":0,"comment_status":"closed","ping_status":"closed","template":"","meta":{"om_disable_all_campaigns":false,"_monsterinsights_skip_tracking":false,"_monsterinsights_sitenote_active":false,"_monsterinsights_sitenote_note":"","_monsterinsights_sitenote_category":0,"_uf_show_specific_survey":0,"_uf_disable_surveys":false,"_glsr_average":0,"_glsr_ranking":0,"_glsr_reviews":0,"footnotes":""},"class_list":["post-714","page","type-page","status-publish","hentry"],"yoast_head":"<!-- This site is optimized with the Yoast SEO plugin v27.4 - https:\/\/yoast.com\/product\/yoast-seo-wordpress\/ -->\n<title>Nettoyage et d\u00e9sinfection - Novalair<\/title>\n<meta name=\"description\" content=\"Notre proc\u00e9d\u00e9 NOVAMASTER permet le nettoyage et la d\u00e9sinfection de tout syst\u00e8me de ventilation.\" \/>\n<meta name=\"robots\" content=\"index, follow, max-snippet:-1, max-image-preview:large, max-video-preview:-1\" \/>\n<link rel=\"canonical\" href=\"https:\/\/www.novalair.lu\/index.php\/hygienisation-aeraulique\/\" \/>\n<meta property=\"og:locale\" content=\"fr_FR\" \/>\n<meta property=\"og:type\" content=\"article\" \/>\n<meta property=\"og:title\" content=\"Nettoyage et d\u00e9sinfection - Novalair\" \/>\n<meta property=\"og:description\" content=\"Notre proc\u00e9d\u00e9 NOVAMASTER permet le nettoyage et la d\u00e9sinfection de tout syst\u00e8me de ventilation.\" \/>\n<meta property=\"og:url\" content=\"https:\/\/www.novalair.lu\/index.php\/hygienisation-aeraulique\/\" \/>\n<meta property=\"og:site_name\" content=\"Novalair\" \/>\n<meta property=\"article:modified_time\" content=\"2024-09-11T14:53:03+00:00\" \/>\n<meta name=\"twitter:card\" content=\"summary_large_image\" \/>\n<meta name=\"twitter:label1\" content=\"Dur\u00e9e de lecture estim\u00e9e\" \/>\n\t<meta name=\"twitter:data1\" content=\"1 minute\" \/>\n<script type=\"application\/ld+json\" class=\"yoast-schema-graph\">{\"@context\":\"https:\\\/\\\/schema.org\",\"@graph\":[{\"@type\":\"WebPage\",\"@id\":\"https:\\\/\\\/www.novalair.lu\\\/index.php\\\/hygienisation-aeraulique\\\/\",\"url\":\"https:\\\/\\\/www.novalair.lu\\\/index.php\\\/hygienisation-aeraulique\\\/\",\"name\":\"Nettoyage et d\u00e9sinfection - Novalair\",\"isPartOf\":{\"@id\":\"https:\\\/\\\/www.novalair.lu\\\/#website\"},\"datePublished\":\"2023-04-09T06:59:28+00:00\",\"dateModified\":\"2024-09-11T14:53:03+00:00\",\"description\":\"Notre proc\u00e9d\u00e9 NOVAMASTER permet le nettoyage et la d\u00e9sinfection de tout syst\u00e8me de ventilation.\",\"breadcrumb\":{\"@id\":\"https:\\\/\\\/www.novalair.lu\\\/index.php\\\/hygienisation-aeraulique\\\/#breadcrumb\"},\"inLanguage\":\"fr-FR\",\"potentialAction\":[{\"@type\":\"ReadAction\",\"target\":[\"https:\\\/\\\/www.novalair.lu\\\/index.php\\\/hygienisation-aeraulique\\\/\"]}]},{\"@type\":\"BreadcrumbList\",\"@id\":\"https:\\\/\\\/www.novalair.lu\\\/index.php\\\/hygienisation-aeraulique\\\/#breadcrumb\",\"itemListElement\":[{\"@type\":\"ListItem\",\"position\":1,\"name\":\"Accueil\",\"item\":\"https:\\\/\\\/www.novalair.lu\\\/\"},{\"@type\":\"ListItem\",\"position\":2,\"name\":\"Nettoyage et d\u00e9sinfection\"}]},{\"@type\":\"WebSite\",\"@id\":\"https:\\\/\\\/www.novalair.lu\\\/#website\",\"url\":\"https:\\\/\\\/www.novalair.lu\\\/\",\"name\":\"Novalair\",\"description\":\"L&#039;excellence au service de l&#039;eau et de l&#039;air\",\"publisher\":{\"@id\":\"https:\\\/\\\/www.novalair.lu\\\/#organization\"},\"potentialAction\":[{\"@type\":\"SearchAction\",\"target\":{\"@type\":\"EntryPoint\",\"urlTemplate\":\"https:\\\/\\\/www.novalair.lu\\\/?s={search_term_string}\"},\"query-input\":{\"@type\":\"PropertyValueSpecification\",\"valueRequired\":true,\"valueName\":\"search_term_string\"}}],\"inLanguage\":\"fr-FR\"},{\"@type\":\"Organization\",\"@id\":\"https:\\\/\\\/www.novalair.lu\\\/#organization\",\"name\":\"Novalair\",\"url\":\"https:\\\/\\\/www.novalair.lu\\\/\",\"logo\":{\"@type\":\"ImageObject\",\"inLanguage\":\"fr-FR\",\"@id\":\"https:\\\/\\\/www.novalair.lu\\\/#\\\/schema\\\/logo\\\/image\\\/\",\"url\":\"https:\\\/\\\/www.novalair.lu\\\/wp-content\\\/uploads\\\/2023\\\/04\\\/cropped-Logo_without_baiseline.png\",\"contentUrl\":\"https:\\\/\\\/www.novalair.lu\\\/wp-content\\\/uploads\\\/2023\\\/04\\\/cropped-Logo_without_baiseline.png\",\"width\":865,\"height\":177,\"caption\":\"Novalair\"},\"image\":{\"@id\":\"https:\\\/\\\/www.novalair.lu\\\/#\\\/schema\\\/logo\\\/image\\\/\"}}]}<\/script>\n<!-- \/ Yoast SEO plugin. -->","yoast_head_json":{"title":"Nettoyage et d\u00e9sinfection - Novalair","description":"Notre proc\u00e9d\u00e9 NOVAMASTER permet le nettoyage et la d\u00e9sinfection de tout syst\u00e8me de ventilation.","robots":{"index":"index","follow":"follow","max-snippet":"max-snippet:-1","max-image-preview":"max-image-preview:large","max-video-preview":"max-video-preview:-1"},"canonical":"https:\/\/www.novalair.lu\/index.php\/hygienisation-aeraulique\/","og_locale":"fr_FR","og_type":"article","og_title":"Nettoyage et d\u00e9sinfection - Novalair","og_description":"Notre proc\u00e9d\u00e9 NOVAMASTER permet le nettoyage et la d\u00e9sinfection de tout syst\u00e8me de ventilation.","og_url":"https:\/\/www.novalair.lu\/index.php\/hygienisation-aeraulique\/","og_site_name":"Novalair","article_modified_time":"2024-09-11T14:53:03+00:00","twitter_card":"summary_large_image","twitter_misc":{"Dur\u00e9e de lecture estim\u00e9e":"1 minute"},"schema":{"@context":"https:\/\/schema.org","@graph":[{"@type":"WebPage","@id":"https:\/\/www.novalair.lu\/index.php\/hygienisation-aeraulique\/","url":"https:\/\/www.novalair.lu\/index.php\/hygienisation-aeraulique\/","name":"Nettoyage et d\u00e9sinfection - Novalair","isPartOf":{"@id":"https:\/\/www.novalair.lu\/#website"},"datePublished":"2023-04-09T06:59:28+00:00","dateModified":"2024-09-11T14:53:03+00:00","description":"Notre proc\u00e9d\u00e9 NOVAMASTER permet le nettoyage et la d\u00e9sinfection de tout syst\u00e8me de ventilation.","breadcrumb":{"@id":"https:\/\/www.novalair.lu\/index.php\/hygienisation-aeraulique\/#breadcrumb"},"inLanguage":"fr-FR","potentialAction":[{"@type":"ReadAction","target":["https:\/\/www.novalair.lu\/index.php\/hygienisation-aeraulique\/"]}]},{"@type":"BreadcrumbList","@id":"https:\/\/www.novalair.lu\/index.php\/hygienisation-aeraulique\/#breadcrumb","itemListElement":[{"@type":"ListItem","position":1,"name":"Accueil","item":"https:\/\/www.novalair.lu\/"},{"@type":"ListItem","position":2,"name":"Nettoyage et d\u00e9sinfection"}]},{"@type":"WebSite","@id":"https:\/\/www.novalair.lu\/#website","url":"https:\/\/www.novalair.lu\/","name":"Novalair","description":"L&#039;excellence au service de l&#039;eau et de l&#039;air","publisher":{"@id":"https:\/\/www.novalair.lu\/#organization"},"potentialAction":[{"@type":"SearchAction","target":{"@type":"EntryPoint","urlTemplate":"https:\/\/www.novalair.lu\/?s={search_term_string}"},"query-input":{"@type":"PropertyValueSpecification","valueRequired":true,"valueName":"search_term_string"}}],"inLanguage":"fr-FR"},{"@type":"Organization","@id":"https:\/\/www.novalair.lu\/#organization","name":"Novalair","url":"https:\/\/www.novalair.lu\/","logo":{"@type":"ImageObject","inLanguage":"fr-FR","@id":"https:\/\/www.novalair.lu\/#\/schema\/logo\/image\/","url":"https:\/\/www.novalair.lu\/wp-content\/uploads\/2023\/04\/cropped-Logo_without_baiseline.png","contentUrl":"https:\/\/www.novalair.lu\/wp-content\/uploads\/2023\/04\/cropped-Logo_without_baiseline.png","width":865,"height":177,"caption":"Novalair"},"image":{"@id":"https:\/\/www.novalair.lu\/#\/schema\/logo\/image\/"}}]}},"_links":{"self":[{"href":"https:\/\/www.novalair.lu\/index.php\/wp-json\/wp\/v2\/pages\/714","targetHints":{"allow":["GET"]}}],"collection":[{"href":"https:\/\/www.novalair.lu\/index.php\/wp-json\/wp\/v2\/pages"}],"about":[{"href":"https:\/\/www.novalair.lu\/index.php\/wp-json\/wp\/v2\/types\/page"}],"author":[{"embeddable":true,"href":"https:\/\/www.novalair.lu\/index.php\/wp-json\/wp\/v2\/users\/1"}],"replies":[{"embeddable":true,"href":"https:\/\/www.novalair.lu\/index.php\/wp-json\/wp\/v2\/comments?post=714"}],"version-history":[{"count":28,"href":"https:\/\/www.novalair.lu\/index.php\/wp-json\/wp\/v2\/pages\/714\/revisions"}],"predecessor-version":[{"id":1596,"href":"https:\/\/www.novalair.lu\/index.php\/wp-json\/wp\/v2\/pages\/714\/revisions\/1596"}],"wp:attachment":[{"href":"https:\/\/www.novalair.lu\/index.php\/wp-json\/wp\/v2\/media?parent=714"}],"curies":[{"name":"wp","href":"https:\/\/api.w.org\/{rel}","templated":true}]}}