{"id":378,"date":"2021-05-26T10:30:44","date_gmt":"2021-05-26T08:30:44","guid":{"rendered":"http:\/\/novalay.cluster030.hosting.ovh.net\/?page_id=378"},"modified":"2021-10-20T12:52:26","modified_gmt":"2021-10-20T10:52:26","slug":"tour-de-refroidissement-tar","status":"publish","type":"page","link":"https:\/\/www.novalair.lu\/index.php\/nos-metiers\/tour-de-refroidissement-tar\/","title":{"rendered":"Tour de refroidissement &#8211; TAR"},"content":{"rendered":"\t\t<div data-elementor-type=\"wp-page\" data-elementor-id=\"378\" class=\"elementor elementor-378\">\n\t\t\t\t\t\t<section class=\"elementor-section elementor-top-section elementor-element elementor-element-30919506 elementor-section-boxed elementor-section-height-default elementor-section-height-default\" data-id=\"30919506\" data-element_type=\"section\" data-e-type=\"section\">\n\t\t\t\t\t\t<div class=\"elementor-container elementor-column-gap-default\">\n\t\t\t\t\t<div class=\"elementor-column elementor-col-100 elementor-top-column elementor-element elementor-element-54111a26\" data-id=\"54111a26\" data-element_type=\"column\" data-e-type=\"column\">\n\t\t\t<div class=\"elementor-widget-wrap elementor-element-populated\">\n\t\t\t\t\t\t<div class=\"elementor-element elementor-element-403c6aed elementor-widget elementor-widget-text-editor\" data-id=\"403c6aed\" data-element_type=\"widget\" data-e-type=\"widget\" data-widget_type=\"text-editor.default\">\n\t\t\t\t<div class=\"elementor-widget-container\">\n\t\t\t\t\t\t\t\t\t\n<p>Nettoyage et\u00a0d\u00e9sinfection de tours a\u00e9ror\u00e9frig\u00e9rantes\u00a0(remplacement de packing, remise en \u00e9tat, peinture\u2026)<\/p>\n\n\n\n<ul class=\"wp-block-list\"><li>Audit et endoscopie d\u2019installation<\/li><li>Nettoyage, d\u00e9tartrage et hygi\u00e9nisation de l\u2019ensemble des \u00e9quipements<\/li><li>Moussage avant nettoyage bassins<\/li><li>Fourniture et pose de pi\u00e8ces d\u00e9tach\u00e9es toutes marques et revamping<\/li><li>Nettoyage ext\u00e9rieur des tours et de leur environnement imm\u00e9diat, avec r\u00e9fection d\u2019installation en sablage et peinture<\/li><li>Nettoyage et optimisation des orientations des rampes et buses de fa\u00e7on \u00e0 optimiser votre qualit\u00e9 de refroidissement et vous mettre en conformit\u00e9<\/li><li>Collaboration avec laboratoire certifi\u00e9 COFRAQ (Analyse NFT 90431) pour mener les analyses d\u00e9di\u00e9es au risque l\u00e9gionellose.<br><\/li><\/ul>\n\n\n\n<p>NOVALAIR assure des formations pour vos \u00e9quipes exploitantes notamment sur les th\u00e9matiques\u00a0:<\/p>\n\n\n\n<ul class=\"wp-block-list\"><li>Maintenance des tours de refroidissement<\/li><li>Comprendre et respecter la r\u00e9glementation<\/li><li>Comprendre et appr\u00e9hender le risque l\u00e9gionellose<\/li><li>Comprendre la filtration et sa maintenance<\/li><\/ul>\n\t\t\t\t\t\t\t\t<\/div>\n\t\t\t\t<\/div>\n\t\t\t\t\t<\/div>\n\t\t<\/div>\n\t\t\t\t\t<\/div>\n\t\t<\/section>\n\t\t\t\t<section class=\"elementor-section elementor-top-section elementor-element elementor-element-15656ba elementor-section-boxed elementor-section-height-default elementor-section-height-default\" data-id=\"15656ba\" data-element_type=\"section\" data-e-type=\"section\">\n\t\t\t\t\t\t<div class=\"elementor-container elementor-column-gap-default\">\n\t\t\t\t\t<div class=\"elementor-column elementor-col-50 elementor-top-column elementor-element elementor-element-9b590ce\" data-id=\"9b590ce\" data-element_type=\"column\" data-e-type=\"column\">\n\t\t\t<div class=\"elementor-widget-wrap elementor-element-populated\">\n\t\t\t\t\t\t<div class=\"elementor-element elementor-element-8803149 elementor-widget elementor-widget-image\" data-id=\"8803149\" data-element_type=\"widget\" data-e-type=\"widget\" data-widget_type=\"image.default\">\n\t\t\t\t<div class=\"elementor-widget-container\">\n\t\t\t\t\t\t\t\t\t\t\t\t\t\t\t<img fetchpriority=\"high\" decoding=\"async\" width=\"780\" height=\"520\" src=\"https:\/\/www.novalair.lu\/wp-content\/uploads\/2021\/10\/tour-web-1024x683.jpg\" class=\"attachment-large size-large wp-image-681\" alt=\"\" srcset=\"https:\/\/www.novalair.lu\/wp-content\/uploads\/2021\/10\/tour-web-1024x683.jpg 1024w, https:\/\/www.novalair.lu\/wp-content\/uploads\/2021\/10\/tour-web-300x200.jpg 300w, https:\/\/www.novalair.lu\/wp-content\/uploads\/2021\/10\/tour-web-768x512.jpg 768w, https:\/\/www.novalair.lu\/wp-content\/uploads\/2021\/10\/tour-web-1536x1024.jpg 1536w, https:\/\/www.novalair.lu\/wp-content\/uploads\/2021\/10\/tour-web-2048x1365.jpg 2048w\" sizes=\"(max-width: 780px) 100vw, 780px\" \/>\t\t\t\t\t\t\t\t\t\t\t\t\t\t\t<\/div>\n\t\t\t\t<\/div>\n\t\t\t\t\t<\/div>\n\t\t<\/div>\n\t\t\t\t<div class=\"elementor-column elementor-col-50 elementor-top-column elementor-element elementor-element-59bdffa\" data-id=\"59bdffa\" data-element_type=\"column\" data-e-type=\"column\">\n\t\t\t<div class=\"elementor-widget-wrap elementor-element-populated\">\n\t\t\t\t\t\t<div class=\"elementor-element elementor-element-7ffa2fb elementor-widget elementor-widget-image\" data-id=\"7ffa2fb\" data-element_type=\"widget\" data-e-type=\"widget\" data-widget_type=\"image.default\">\n\t\t\t\t<div class=\"elementor-widget-container\">\n\t\t\t\t\t\t\t\t\t\t\t\t\t\t\t<img decoding=\"async\" width=\"780\" height=\"520\" src=\"https:\/\/www.novalair.lu\/wp-content\/uploads\/2021\/10\/entretien-web-1024x683.jpg\" class=\"attachment-large size-large wp-image-673\" alt=\"\" srcset=\"https:\/\/www.novalair.lu\/wp-content\/uploads\/2021\/10\/entretien-web-1024x683.jpg 1024w, https:\/\/www.novalair.lu\/wp-content\/uploads\/2021\/10\/entretien-web-300x200.jpg 300w, https:\/\/www.novalair.lu\/wp-content\/uploads\/2021\/10\/entretien-web-768x512.jpg 768w, https:\/\/www.novalair.lu\/wp-content\/uploads\/2021\/10\/entretien-web-1536x1024.jpg 1536w, https:\/\/www.novalair.lu\/wp-content\/uploads\/2021\/10\/entretien-web-2048x1365.jpg 2048w\" sizes=\"(max-width: 780px) 100vw, 780px\" \/>\t\t\t\t\t\t\t\t\t\t\t\t\t\t\t<\/div>\n\t\t\t\t<\/div>\n\t\t\t\t\t<\/div>\n\t\t<\/div>\n\t\t\t\t\t<\/div>\n\t\t<\/section>\n\t\t\t\t<\/div>\n\t\t","protected":false},"excerpt":{"rendered":"<p>Nettoyage et\u00a0d\u00e9sinfection de tours a\u00e9ror\u00e9frig\u00e9rantes\u00a0(remplacement de packing, remise en \u00e9tat, peinture\u2026) Audit et endoscopie d\u2019installation Nettoyage, d\u00e9tartrage et hygi\u00e9nisation de&#8230;<\/p>\n","protected":false},"author":1,"featured_media":0,"parent":41,"menu_order":4,"comment_status":"closed","ping_status":"closed","template":"","meta":{"om_disable_all_campaigns":false,"_monsterinsights_skip_tracking":false,"_monsterinsights_sitenote_active":false,"_monsterinsights_sitenote_note":"","_monsterinsights_sitenote_category":0,"_uf_show_specific_survey":0,"_uf_disable_surveys":false,"_glsr_average":0,"_glsr_ranking":0,"_glsr_reviews":0,"footnotes":""},"class_list":["post-378","page","type-page","status-publish","hentry"],"yoast_head":"<!-- This site is optimized with the Yoast SEO plugin v27.5 - https:\/\/yoast.com\/product\/yoast-seo-wordpress\/ -->\n<title>Tour de refroidissement - TAR - Novalair<\/title>\n<meta name=\"robots\" content=\"index, follow, max-snippet:-1, max-image-preview:large, max-video-preview:-1\" \/>\n<link rel=\"canonical\" href=\"https:\/\/www.novalair.lu\/index.php\/nos-metiers\/tour-de-refroidissement-tar\/\" \/>\n<meta property=\"og:locale\" content=\"fr_FR\" \/>\n<meta property=\"og:type\" content=\"article\" \/>\n<meta property=\"og:title\" content=\"Tour de refroidissement - TAR - Novalair\" \/>\n<meta property=\"og:description\" content=\"Nettoyage et\u00a0d\u00e9sinfection de tours a\u00e9ror\u00e9frig\u00e9rantes\u00a0(remplacement de packing, remise en \u00e9tat, peinture\u2026) Audit et endoscopie d\u2019installation Nettoyage, d\u00e9tartrage et hygi\u00e9nisation de...\" \/>\n<meta property=\"og:url\" content=\"https:\/\/www.novalair.lu\/index.php\/nos-metiers\/tour-de-refroidissement-tar\/\" \/>\n<meta property=\"og:site_name\" content=\"Novalair\" \/>\n<meta property=\"article:modified_time\" content=\"2021-10-20T10:52:26+00:00\" \/>\n<meta property=\"og:image\" content=\"http:\/\/www.novalair.lu\/wp-content\/uploads\/2021\/10\/tour-web-1024x683.jpg\" \/>\n<meta name=\"twitter:card\" content=\"summary_large_image\" \/>\n<meta name=\"twitter:label1\" content=\"Dur\u00e9e de lecture estim\u00e9e\" \/>\n\t<meta name=\"twitter:data1\" content=\"1 minute\" \/>\n<script type=\"application\/ld+json\" class=\"yoast-schema-graph\">{\"@context\":\"https:\\\/\\\/schema.org\",\"@graph\":[{\"@type\":\"WebPage\",\"@id\":\"https:\\\/\\\/www.novalair.lu\\\/index.php\\\/nos-metiers\\\/tour-de-refroidissement-tar\\\/\",\"url\":\"https:\\\/\\\/www.novalair.lu\\\/index.php\\\/nos-metiers\\\/tour-de-refroidissement-tar\\\/\",\"name\":\"Tour de refroidissement - TAR - Novalair\",\"isPartOf\":{\"@id\":\"https:\\\/\\\/www.novalair.lu\\\/#website\"},\"primaryImageOfPage\":{\"@id\":\"https:\\\/\\\/www.novalair.lu\\\/index.php\\\/nos-metiers\\\/tour-de-refroidissement-tar\\\/#primaryimage\"},\"image\":{\"@id\":\"https:\\\/\\\/www.novalair.lu\\\/index.php\\\/nos-metiers\\\/tour-de-refroidissement-tar\\\/#primaryimage\"},\"thumbnailUrl\":\"http:\\\/\\\/www.novalair.lu\\\/wp-content\\\/uploads\\\/2021\\\/10\\\/tour-web-1024x683.jpg\",\"datePublished\":\"2021-05-26T08:30:44+00:00\",\"dateModified\":\"2021-10-20T10:52:26+00:00\",\"breadcrumb\":{\"@id\":\"https:\\\/\\\/www.novalair.lu\\\/index.php\\\/nos-metiers\\\/tour-de-refroidissement-tar\\\/#breadcrumb\"},\"inLanguage\":\"fr-FR\",\"potentialAction\":[{\"@type\":\"ReadAction\",\"target\":[\"https:\\\/\\\/www.novalair.lu\\\/index.php\\\/nos-metiers\\\/tour-de-refroidissement-tar\\\/\"]}]},{\"@type\":\"ImageObject\",\"inLanguage\":\"fr-FR\",\"@id\":\"https:\\\/\\\/www.novalair.lu\\\/index.php\\\/nos-metiers\\\/tour-de-refroidissement-tar\\\/#primaryimage\",\"url\":\"http:\\\/\\\/www.novalair.lu\\\/wp-content\\\/uploads\\\/2021\\\/10\\\/tour-web-1024x683.jpg\",\"contentUrl\":\"http:\\\/\\\/www.novalair.lu\\\/wp-content\\\/uploads\\\/2021\\\/10\\\/tour-web-1024x683.jpg\"},{\"@type\":\"BreadcrumbList\",\"@id\":\"https:\\\/\\\/www.novalair.lu\\\/index.php\\\/nos-metiers\\\/tour-de-refroidissement-tar\\\/#breadcrumb\",\"itemListElement\":[{\"@type\":\"ListItem\",\"position\":1,\"name\":\"Accueil\",\"item\":\"https:\\\/\\\/www.novalair.lu\\\/\"},{\"@type\":\"ListItem\",\"position\":2,\"name\":\"Nos m\u00e9tiers\",\"item\":\"https:\\\/\\\/www.novalair.lu\\\/index.php\\\/nos-metiers\\\/\"},{\"@type\":\"ListItem\",\"position\":3,\"name\":\"Tour de refroidissement &#8211; TAR\"}]},{\"@type\":\"WebSite\",\"@id\":\"https:\\\/\\\/www.novalair.lu\\\/#website\",\"url\":\"https:\\\/\\\/www.novalair.lu\\\/\",\"name\":\"Novalair\",\"description\":\"L&#039;excellence au service de l&#039;eau et de l&#039;air\",\"publisher\":{\"@id\":\"https:\\\/\\\/www.novalair.lu\\\/#organization\"},\"potentialAction\":[{\"@type\":\"SearchAction\",\"target\":{\"@type\":\"EntryPoint\",\"urlTemplate\":\"https:\\\/\\\/www.novalair.lu\\\/?s={search_term_string}\"},\"query-input\":{\"@type\":\"PropertyValueSpecification\",\"valueRequired\":true,\"valueName\":\"search_term_string\"}}],\"inLanguage\":\"fr-FR\"},{\"@type\":\"Organization\",\"@id\":\"https:\\\/\\\/www.novalair.lu\\\/#organization\",\"name\":\"Novalair\",\"url\":\"https:\\\/\\\/www.novalair.lu\\\/\",\"logo\":{\"@type\":\"ImageObject\",\"inLanguage\":\"fr-FR\",\"@id\":\"https:\\\/\\\/www.novalair.lu\\\/#\\\/schema\\\/logo\\\/image\\\/\",\"url\":\"https:\\\/\\\/www.novalair.lu\\\/wp-content\\\/uploads\\\/2023\\\/04\\\/cropped-Logo_without_baiseline.png\",\"contentUrl\":\"https:\\\/\\\/www.novalair.lu\\\/wp-content\\\/uploads\\\/2023\\\/04\\\/cropped-Logo_without_baiseline.png\",\"width\":865,\"height\":177,\"caption\":\"Novalair\"},\"image\":{\"@id\":\"https:\\\/\\\/www.novalair.lu\\\/#\\\/schema\\\/logo\\\/image\\\/\"}}]}<\/script>\n<!-- \/ Yoast SEO plugin. -->","yoast_head_json":{"title":"Tour de refroidissement - TAR - Novalair","robots":{"index":"index","follow":"follow","max-snippet":"max-snippet:-1","max-image-preview":"max-image-preview:large","max-video-preview":"max-video-preview:-1"},"canonical":"https:\/\/www.novalair.lu\/index.php\/nos-metiers\/tour-de-refroidissement-tar\/","og_locale":"fr_FR","og_type":"article","og_title":"Tour de refroidissement - TAR - Novalair","og_description":"Nettoyage et\u00a0d\u00e9sinfection de tours a\u00e9ror\u00e9frig\u00e9rantes\u00a0(remplacement de packing, remise en \u00e9tat, peinture\u2026) Audit et endoscopie d\u2019installation Nettoyage, d\u00e9tartrage et hygi\u00e9nisation de...","og_url":"https:\/\/www.novalair.lu\/index.php\/nos-metiers\/tour-de-refroidissement-tar\/","og_site_name":"Novalair","article_modified_time":"2021-10-20T10:52:26+00:00","og_image":[{"url":"http:\/\/www.novalair.lu\/wp-content\/uploads\/2021\/10\/tour-web-1024x683.jpg","type":"","width":"","height":""}],"twitter_card":"summary_large_image","twitter_misc":{"Dur\u00e9e de lecture estim\u00e9e":"1 minute"},"schema":{"@context":"https:\/\/schema.org","@graph":[{"@type":"WebPage","@id":"https:\/\/www.novalair.lu\/index.php\/nos-metiers\/tour-de-refroidissement-tar\/","url":"https:\/\/www.novalair.lu\/index.php\/nos-metiers\/tour-de-refroidissement-tar\/","name":"Tour de refroidissement - TAR - Novalair","isPartOf":{"@id":"https:\/\/www.novalair.lu\/#website"},"primaryImageOfPage":{"@id":"https:\/\/www.novalair.lu\/index.php\/nos-metiers\/tour-de-refroidissement-tar\/#primaryimage"},"image":{"@id":"https:\/\/www.novalair.lu\/index.php\/nos-metiers\/tour-de-refroidissement-tar\/#primaryimage"},"thumbnailUrl":"http:\/\/www.novalair.lu\/wp-content\/uploads\/2021\/10\/tour-web-1024x683.jpg","datePublished":"2021-05-26T08:30:44+00:00","dateModified":"2021-10-20T10:52:26+00:00","breadcrumb":{"@id":"https:\/\/www.novalair.lu\/index.php\/nos-metiers\/tour-de-refroidissement-tar\/#breadcrumb"},"inLanguage":"fr-FR","potentialAction":[{"@type":"ReadAction","target":["https:\/\/www.novalair.lu\/index.php\/nos-metiers\/tour-de-refroidissement-tar\/"]}]},{"@type":"ImageObject","inLanguage":"fr-FR","@id":"https:\/\/www.novalair.lu\/index.php\/nos-metiers\/tour-de-refroidissement-tar\/#primaryimage","url":"http:\/\/www.novalair.lu\/wp-content\/uploads\/2021\/10\/tour-web-1024x683.jpg","contentUrl":"http:\/\/www.novalair.lu\/wp-content\/uploads\/2021\/10\/tour-web-1024x683.jpg"},{"@type":"BreadcrumbList","@id":"https:\/\/www.novalair.lu\/index.php\/nos-metiers\/tour-de-refroidissement-tar\/#breadcrumb","itemListElement":[{"@type":"ListItem","position":1,"name":"Accueil","item":"https:\/\/www.novalair.lu\/"},{"@type":"ListItem","position":2,"name":"Nos m\u00e9tiers","item":"https:\/\/www.novalair.lu\/index.php\/nos-metiers\/"},{"@type":"ListItem","position":3,"name":"Tour de refroidissement &#8211; TAR"}]},{"@type":"WebSite","@id":"https:\/\/www.novalair.lu\/#website","url":"https:\/\/www.novalair.lu\/","name":"Novalair","description":"L&#039;excellence au service de l&#039;eau et de l&#039;air","publisher":{"@id":"https:\/\/www.novalair.lu\/#organization"},"potentialAction":[{"@type":"SearchAction","target":{"@type":"EntryPoint","urlTemplate":"https:\/\/www.novalair.lu\/?s={search_term_string}"},"query-input":{"@type":"PropertyValueSpecification","valueRequired":true,"valueName":"search_term_string"}}],"inLanguage":"fr-FR"},{"@type":"Organization","@id":"https:\/\/www.novalair.lu\/#organization","name":"Novalair","url":"https:\/\/www.novalair.lu\/","logo":{"@type":"ImageObject","inLanguage":"fr-FR","@id":"https:\/\/www.novalair.lu\/#\/schema\/logo\/image\/","url":"https:\/\/www.novalair.lu\/wp-content\/uploads\/2023\/04\/cropped-Logo_without_baiseline.png","contentUrl":"https:\/\/www.novalair.lu\/wp-content\/uploads\/2023\/04\/cropped-Logo_without_baiseline.png","width":865,"height":177,"caption":"Novalair"},"image":{"@id":"https:\/\/www.novalair.lu\/#\/schema\/logo\/image\/"}}]}},"_links":{"self":[{"href":"https:\/\/www.novalair.lu\/index.php\/wp-json\/wp\/v2\/pages\/378","targetHints":{"allow":["GET"]}}],"collection":[{"href":"https:\/\/www.novalair.lu\/index.php\/wp-json\/wp\/v2\/pages"}],"about":[{"href":"https:\/\/www.novalair.lu\/index.php\/wp-json\/wp\/v2\/types\/page"}],"author":[{"embeddable":true,"href":"https:\/\/www.novalair.lu\/index.php\/wp-json\/wp\/v2\/users\/1"}],"replies":[{"embeddable":true,"href":"https:\/\/www.novalair.lu\/index.php\/wp-json\/wp\/v2\/comments?post=378"}],"version-history":[{"count":3,"href":"https:\/\/www.novalair.lu\/index.php\/wp-json\/wp\/v2\/pages\/378\/revisions"}],"predecessor-version":[{"id":684,"href":"https:\/\/www.novalair.lu\/index.php\/wp-json\/wp\/v2\/pages\/378\/revisions\/684"}],"up":[{"embeddable":true,"href":"https:\/\/www.novalair.lu\/index.php\/wp-json\/wp\/v2\/pages\/41"}],"wp:attachment":[{"href":"https:\/\/www.novalair.lu\/index.php\/wp-json\/wp\/v2\/media?parent=378"}],"curies":[{"name":"wp","href":"https:\/\/api.w.org\/{rel}","templated":true}]}}