{"id":1708,"date":"2025-03-05T18:46:47","date_gmt":"2025-03-05T17:46:47","guid":{"rendered":"https:\/\/www.novalair.lu\/?page_id=1708"},"modified":"2025-03-05T18:47:50","modified_gmt":"2025-03-05T17:47:50","slug":"contact","status":"publish","type":"page","link":"https:\/\/www.novalair.lu\/index.php\/contact\/","title":{"rendered":"Contact"},"content":{"rendered":"\t\t<div data-elementor-type=\"wp-page\" data-elementor-id=\"1708\" class=\"elementor elementor-1708\">\n\t\t\t\t\t\t<section class=\"elementor-section elementor-top-section elementor-element elementor-element-3bb05b0 elementor-section-boxed elementor-section-height-default elementor-section-height-default\" data-id=\"3bb05b0\" data-element_type=\"section\" data-e-type=\"section\">\n\t\t\t\t\t\t<div class=\"elementor-container elementor-column-gap-default\">\n\t\t\t\t\t<div class=\"elementor-column elementor-col-100 elementor-top-column elementor-element elementor-element-2e6983e\" data-id=\"2e6983e\" data-element_type=\"column\" data-e-type=\"column\">\n\t\t\t<div class=\"elementor-widget-wrap elementor-element-populated\">\n\t\t\t\t\t\t<div class=\"elementor-element elementor-element-24591a6 elementor-widget elementor-widget-wpforms\" data-id=\"24591a6\" data-element_type=\"widget\" data-e-type=\"widget\" data-widget_type=\"wpforms.default\">\n\t\t\t\t<div class=\"elementor-widget-container\">\n\t\t\t\t\t<div class=\"wpforms-container wpforms-container-full\" id=\"wpforms-928\"><form id=\"wpforms-form-928\" class=\"wpforms-validate wpforms-form wpforms-ajax-form\" data-formid=\"928\" method=\"post\" enctype=\"multipart\/form-data\" action=\"\/index.php\/wp-json\/wp\/v2\/pages\/1708\" data-token=\"13b8fecd784aaa30b32484a618303020\" data-token-time=\"1776308449\"><noscript class=\"wpforms-error-noscript\">Veuillez activer JavaScript dans votre navigateur pour remplir ce formulaire.<\/noscript><div class=\"wpforms-field-container\"><div id=\"wpforms-928-field_1-container\" class=\"wpforms-field wpforms-field-name\" data-field-id=\"1\"><div class=\"wpforms-field-row wpforms-field-medium\"><div class=\"wpforms-field-row-block wpforms-first wpforms-one-half\"><input type=\"text\" id=\"wpforms-928-field_1\" class=\"wpforms-field-name-first wpforms-field-required\" name=\"wpforms[fields][1][first]\" required><label for=\"wpforms-928-field_1\" class=\"wpforms-field-sublabel after\">Pr\u00e9nom<\/label><\/div><div class=\"wpforms-field-row-block wpforms-one-half\"><input type=\"text\" id=\"wpforms-928-field_1-last\" class=\"wpforms-field-name-last wpforms-field-required\" name=\"wpforms[fields][1][last]\" required><label for=\"wpforms-928-field_1-last\" class=\"wpforms-field-sublabel after\">Nom<\/label><\/div><\/div><\/div><div id=\"wpforms-928-field_3-container\" class=\"wpforms-field wpforms-field-text\" data-field-id=\"3\"><label class=\"wpforms-field-label\" for=\"wpforms-928-field_3\">Soci\u00e9t\u00e9<\/label><input type=\"text\" id=\"wpforms-928-field_3\" class=\"wpforms-field-medium\" name=\"wpforms[fields][3]\" ><\/div><div id=\"wpforms-928-field_4-container\" class=\"wpforms-field wpforms-field-email\" data-field-id=\"4\"><label class=\"wpforms-field-label\" for=\"wpforms-928-field_4\">E-mail <span class=\"wpforms-required-label\">*<\/span><\/label><input type=\"email\" id=\"wpforms-928-field_4\" class=\"wpforms-field-medium wpforms-field-required\" name=\"wpforms[fields][4]\" spellcheck=\"false\" required><\/div><div id=\"wpforms-928-field_5-container\" class=\"wpforms-field wpforms-field-textarea\" data-field-id=\"5\"><label class=\"wpforms-field-label\" for=\"wpforms-928-field_5\">Votre message<\/label><textarea id=\"wpforms-928-field_5\" class=\"wpforms-field-medium\" name=\"wpforms[fields][5]\" ><\/textarea><\/div><\/div><!-- .wpforms-field-container --><div class=\"wpforms-submit-container\" ><input type=\"hidden\" name=\"wpforms[id]\" value=\"928\"><input type=\"hidden\" name=\"page_title\" value=\"\"><input type=\"hidden\" name=\"page_url\" value=\"https:\/\/www.novalair.lu\/index.php\/wp-json\/wp\/v2\/pages\/1708\"><input type=\"hidden\" name=\"url_referer\" value=\"\"><button type=\"submit\" name=\"wpforms[submit]\" id=\"wpforms-submit-928\" class=\"wpforms-submit\" data-alt-text=\"Envoi...\" data-submit-text=\"Envoyer\" aria-live=\"assertive\" value=\"wpforms-submit\">Envoyer<\/button><img decoding=\"async\" src=\"https:\/\/www.novalair.lu\/wp-content\/plugins\/wpforms-lite\/assets\/images\/submit-spin.svg\" class=\"wpforms-submit-spinner\" style=\"display: none;\" width=\"26\" height=\"26\" alt=\"Chargement en cours\"><\/div><\/form><\/div>  <!-- .wpforms-container -->\t\t\t\t<\/div>\n\t\t\t\t<\/div>\n\t\t\t\t\t<\/div>\n\t\t<\/div>\n\t\t\t\t\t<\/div>\n\t\t<\/section>\n\t\t\t\t<\/div>\n\t\t","protected":false},"excerpt":{"rendered":"<p>Veuillez activer JavaScript dans votre navigateur pour remplir ce formulaire.Pr\u00e9nomNomSoci\u00e9t\u00e9E-mail *Votre message Envoyer<\/p>\n","protected":false},"author":1,"featured_media":0,"parent":0,"menu_order":0,"comment_status":"closed","ping_status":"closed","template":"","meta":{"om_disable_all_campaigns":false,"_monsterinsights_skip_tracking":false,"_monsterinsights_sitenote_active":false,"_monsterinsights_sitenote_note":"","_monsterinsights_sitenote_category":0,"_uf_show_specific_survey":0,"_uf_disable_surveys":false,"_glsr_average":0,"_glsr_ranking":0,"_glsr_reviews":0,"footnotes":""},"class_list":["post-1708","page","type-page","status-publish","hentry"],"yoast_head":"<!-- This site is optimized with the Yoast SEO plugin v27.4 - https:\/\/yoast.com\/product\/yoast-seo-wordpress\/ -->\n<title>Contact - Novalair<\/title>\n<meta name=\"robots\" content=\"index, follow, max-snippet:-1, max-image-preview:large, max-video-preview:-1\" \/>\n<link rel=\"canonical\" href=\"https:\/\/www.novalair.lu\/index.php\/contact\/\" \/>\n<meta property=\"og:locale\" content=\"fr_FR\" \/>\n<meta property=\"og:type\" content=\"article\" \/>\n<meta property=\"og:title\" content=\"Contact - Novalair\" \/>\n<meta property=\"og:description\" content=\"Veuillez activer JavaScript dans votre navigateur pour remplir ce formulaire.Pr\u00e9nomNomSoci\u00e9t\u00e9E-mail *Votre message Envoyer\" \/>\n<meta property=\"og:url\" content=\"https:\/\/www.novalair.lu\/index.php\/contact\/\" \/>\n<meta property=\"og:site_name\" content=\"Novalair\" \/>\n<meta property=\"article:modified_time\" content=\"2025-03-05T17:47:50+00:00\" \/>\n<meta property=\"og:image\" content=\"https:\/\/www.novalair.lu\/wp-content\/plugins\/wpforms-lite\/assets\/images\/submit-spin.svg\" \/>\n<meta name=\"twitter:card\" content=\"summary_large_image\" \/>\n<meta name=\"twitter:label1\" content=\"Dur\u00e9e de lecture estim\u00e9e\" \/>\n\t<meta name=\"twitter:data1\" content=\"1 minute\" \/>\n<script type=\"application\/ld+json\" class=\"yoast-schema-graph\">{\"@context\":\"https:\\\/\\\/schema.org\",\"@graph\":[{\"@type\":\"WebPage\",\"@id\":\"https:\\\/\\\/www.novalair.lu\\\/index.php\\\/contact\\\/\",\"url\":\"https:\\\/\\\/www.novalair.lu\\\/index.php\\\/contact\\\/\",\"name\":\"Contact - Novalair\",\"isPartOf\":{\"@id\":\"https:\\\/\\\/www.novalair.lu\\\/#website\"},\"primaryImageOfPage\":{\"@id\":\"https:\\\/\\\/www.novalair.lu\\\/index.php\\\/contact\\\/#primaryimage\"},\"image\":{\"@id\":\"https:\\\/\\\/www.novalair.lu\\\/index.php\\\/contact\\\/#primaryimage\"},\"thumbnailUrl\":\"https:\\\/\\\/www.novalair.lu\\\/wp-content\\\/plugins\\\/wpforms-lite\\\/assets\\\/images\\\/submit-spin.svg\",\"datePublished\":\"2025-03-05T17:46:47+00:00\",\"dateModified\":\"2025-03-05T17:47:50+00:00\",\"breadcrumb\":{\"@id\":\"https:\\\/\\\/www.novalair.lu\\\/index.php\\\/contact\\\/#breadcrumb\"},\"inLanguage\":\"fr-FR\",\"potentialAction\":[{\"@type\":\"ReadAction\",\"target\":[\"https:\\\/\\\/www.novalair.lu\\\/index.php\\\/contact\\\/\"]}]},{\"@type\":\"ImageObject\",\"inLanguage\":\"fr-FR\",\"@id\":\"https:\\\/\\\/www.novalair.lu\\\/index.php\\\/contact\\\/#primaryimage\",\"url\":\"https:\\\/\\\/www.novalair.lu\\\/wp-content\\\/plugins\\\/wpforms-lite\\\/assets\\\/images\\\/submit-spin.svg\",\"contentUrl\":\"https:\\\/\\\/www.novalair.lu\\\/wp-content\\\/plugins\\\/wpforms-lite\\\/assets\\\/images\\\/submit-spin.svg\"},{\"@type\":\"BreadcrumbList\",\"@id\":\"https:\\\/\\\/www.novalair.lu\\\/index.php\\\/contact\\\/#breadcrumb\",\"itemListElement\":[{\"@type\":\"ListItem\",\"position\":1,\"name\":\"Accueil\",\"item\":\"https:\\\/\\\/www.novalair.lu\\\/\"},{\"@type\":\"ListItem\",\"position\":2,\"name\":\"Contact\"}]},{\"@type\":\"WebSite\",\"@id\":\"https:\\\/\\\/www.novalair.lu\\\/#website\",\"url\":\"https:\\\/\\\/www.novalair.lu\\\/\",\"name\":\"Novalair\",\"description\":\"L&#039;excellence au service de l&#039;eau et de l&#039;air\",\"publisher\":{\"@id\":\"https:\\\/\\\/www.novalair.lu\\\/#organization\"},\"potentialAction\":[{\"@type\":\"SearchAction\",\"target\":{\"@type\":\"EntryPoint\",\"urlTemplate\":\"https:\\\/\\\/www.novalair.lu\\\/?s={search_term_string}\"},\"query-input\":{\"@type\":\"PropertyValueSpecification\",\"valueRequired\":true,\"valueName\":\"search_term_string\"}}],\"inLanguage\":\"fr-FR\"},{\"@type\":\"Organization\",\"@id\":\"https:\\\/\\\/www.novalair.lu\\\/#organization\",\"name\":\"Novalair\",\"url\":\"https:\\\/\\\/www.novalair.lu\\\/\",\"logo\":{\"@type\":\"ImageObject\",\"inLanguage\":\"fr-FR\",\"@id\":\"https:\\\/\\\/www.novalair.lu\\\/#\\\/schema\\\/logo\\\/image\\\/\",\"url\":\"https:\\\/\\\/www.novalair.lu\\\/wp-content\\\/uploads\\\/2023\\\/04\\\/cropped-Logo_without_baiseline.png\",\"contentUrl\":\"https:\\\/\\\/www.novalair.lu\\\/wp-content\\\/uploads\\\/2023\\\/04\\\/cropped-Logo_without_baiseline.png\",\"width\":865,\"height\":177,\"caption\":\"Novalair\"},\"image\":{\"@id\":\"https:\\\/\\\/www.novalair.lu\\\/#\\\/schema\\\/logo\\\/image\\\/\"}}]}<\/script>\n<!-- \/ Yoast SEO plugin. -->","yoast_head_json":{"title":"Contact - Novalair","robots":{"index":"index","follow":"follow","max-snippet":"max-snippet:-1","max-image-preview":"max-image-preview:large","max-video-preview":"max-video-preview:-1"},"canonical":"https:\/\/www.novalair.lu\/index.php\/contact\/","og_locale":"fr_FR","og_type":"article","og_title":"Contact - Novalair","og_description":"Veuillez activer JavaScript dans votre navigateur pour remplir ce formulaire.Pr\u00e9nomNomSoci\u00e9t\u00e9E-mail *Votre message Envoyer","og_url":"https:\/\/www.novalair.lu\/index.php\/contact\/","og_site_name":"Novalair","article_modified_time":"2025-03-05T17:47:50+00:00","og_image":[{"url":"https:\/\/www.novalair.lu\/wp-content\/plugins\/wpforms-lite\/assets\/images\/submit-spin.svg","type":"","width":"","height":""}],"twitter_card":"summary_large_image","twitter_misc":{"Dur\u00e9e de lecture estim\u00e9e":"1 minute"},"schema":{"@context":"https:\/\/schema.org","@graph":[{"@type":"WebPage","@id":"https:\/\/www.novalair.lu\/index.php\/contact\/","url":"https:\/\/www.novalair.lu\/index.php\/contact\/","name":"Contact - Novalair","isPartOf":{"@id":"https:\/\/www.novalair.lu\/#website"},"primaryImageOfPage":{"@id":"https:\/\/www.novalair.lu\/index.php\/contact\/#primaryimage"},"image":{"@id":"https:\/\/www.novalair.lu\/index.php\/contact\/#primaryimage"},"thumbnailUrl":"https:\/\/www.novalair.lu\/wp-content\/plugins\/wpforms-lite\/assets\/images\/submit-spin.svg","datePublished":"2025-03-05T17:46:47+00:00","dateModified":"2025-03-05T17:47:50+00:00","breadcrumb":{"@id":"https:\/\/www.novalair.lu\/index.php\/contact\/#breadcrumb"},"inLanguage":"fr-FR","potentialAction":[{"@type":"ReadAction","target":["https:\/\/www.novalair.lu\/index.php\/contact\/"]}]},{"@type":"ImageObject","inLanguage":"fr-FR","@id":"https:\/\/www.novalair.lu\/index.php\/contact\/#primaryimage","url":"https:\/\/www.novalair.lu\/wp-content\/plugins\/wpforms-lite\/assets\/images\/submit-spin.svg","contentUrl":"https:\/\/www.novalair.lu\/wp-content\/plugins\/wpforms-lite\/assets\/images\/submit-spin.svg"},{"@type":"BreadcrumbList","@id":"https:\/\/www.novalair.lu\/index.php\/contact\/#breadcrumb","itemListElement":[{"@type":"ListItem","position":1,"name":"Accueil","item":"https:\/\/www.novalair.lu\/"},{"@type":"ListItem","position":2,"name":"Contact"}]},{"@type":"WebSite","@id":"https:\/\/www.novalair.lu\/#website","url":"https:\/\/www.novalair.lu\/","name":"Novalair","description":"L&#039;excellence au service de l&#039;eau et de l&#039;air","publisher":{"@id":"https:\/\/www.novalair.lu\/#organization"},"potentialAction":[{"@type":"SearchAction","target":{"@type":"EntryPoint","urlTemplate":"https:\/\/www.novalair.lu\/?s={search_term_string}"},"query-input":{"@type":"PropertyValueSpecification","valueRequired":true,"valueName":"search_term_string"}}],"inLanguage":"fr-FR"},{"@type":"Organization","@id":"https:\/\/www.novalair.lu\/#organization","name":"Novalair","url":"https:\/\/www.novalair.lu\/","logo":{"@type":"ImageObject","inLanguage":"fr-FR","@id":"https:\/\/www.novalair.lu\/#\/schema\/logo\/image\/","url":"https:\/\/www.novalair.lu\/wp-content\/uploads\/2023\/04\/cropped-Logo_without_baiseline.png","contentUrl":"https:\/\/www.novalair.lu\/wp-content\/uploads\/2023\/04\/cropped-Logo_without_baiseline.png","width":865,"height":177,"caption":"Novalair"},"image":{"@id":"https:\/\/www.novalair.lu\/#\/schema\/logo\/image\/"}}]}},"_links":{"self":[{"href":"https:\/\/www.novalair.lu\/index.php\/wp-json\/wp\/v2\/pages\/1708","targetHints":{"allow":["GET"]}}],"collection":[{"href":"https:\/\/www.novalair.lu\/index.php\/wp-json\/wp\/v2\/pages"}],"about":[{"href":"https:\/\/www.novalair.lu\/index.php\/wp-json\/wp\/v2\/types\/page"}],"author":[{"embeddable":true,"href":"https:\/\/www.novalair.lu\/index.php\/wp-json\/wp\/v2\/users\/1"}],"replies":[{"embeddable":true,"href":"https:\/\/www.novalair.lu\/index.php\/wp-json\/wp\/v2\/comments?post=1708"}],"version-history":[{"count":4,"href":"https:\/\/www.novalair.lu\/index.php\/wp-json\/wp\/v2\/pages\/1708\/revisions"}],"predecessor-version":[{"id":1712,"href":"https:\/\/www.novalair.lu\/index.php\/wp-json\/wp\/v2\/pages\/1708\/revisions\/1712"}],"wp:attachment":[{"href":"https:\/\/www.novalair.lu\/index.php\/wp-json\/wp\/v2\/media?parent=1708"}],"curies":[{"name":"wp","href":"https:\/\/api.w.org\/{rel}","templated":true}]}}