{"id":1435,"date":"2024-09-11T15:58:59","date_gmt":"2024-09-11T13:58:59","guid":{"rendered":"https:\/\/www.novalair.lu\/?page_id=1435"},"modified":"2024-09-11T16:33:32","modified_gmt":"2024-09-11T14:33:32","slug":"horeca","status":"publish","type":"page","link":"https:\/\/www.novalair.lu\/index.php\/horeca\/","title":{"rendered":"Purificateur d&rsquo;air"},"content":{"rendered":"\t\t<div data-elementor-type=\"wp-page\" data-elementor-id=\"1435\" class=\"elementor elementor-1435\">\n\t\t\t\t\t\t<section class=\"elementor-section elementor-top-section elementor-element elementor-element-80a0ef9 elementor-section-boxed elementor-section-height-default elementor-section-height-default\" data-id=\"80a0ef9\" data-element_type=\"section\" data-e-type=\"section\">\n\t\t\t\t\t\t<div class=\"elementor-container elementor-column-gap-default\">\n\t\t\t\t\t<div class=\"elementor-column elementor-col-100 elementor-top-column elementor-element elementor-element-cd30da3\" data-id=\"cd30da3\" data-element_type=\"column\" data-e-type=\"column\">\n\t\t\t<div class=\"elementor-widget-wrap elementor-element-populated\">\n\t\t\t\t\t\t<div class=\"elementor-element elementor-element-25e69ed elementor-widget elementor-widget-text-editor\" data-id=\"25e69ed\" data-element_type=\"widget\" data-e-type=\"widget\" data-widget_type=\"text-editor.default\">\n\t\t\t\t<div class=\"elementor-widget-container\">\n\t\t\t\t\t\t\t\t\t<p class=\"cvGsUA direction-ltr align-start para-style-body\"><span class=\"OYPEnA font-feature-liga-off font-feature-clig-off font-feature-calt-off text-decoration-none text-strikethrough-none\">Nos <strong>purificateurs 2.0<\/strong> mesurent en continu les param\u00e8tres essentiels de votre air int\u00e9rieur afin d\u2019adapter leur fonctionnement. Ils sont pilotables \u00e0 distance via une <strong>application<\/strong>. De plus, ils assurent un environnement sain et confortable au quotidien.<\/span><\/p><p class=\"cvGsUA direction-ltr align-start para-style-body\"><span class=\"OYPEnA font-feature-liga-off font-feature-clig-off font-feature-calt-off text-decoration-none text-strikethrough-none\">Avant chaque installation<\/span><span class=\"OYPEnA font-feature-liga-off font-feature-clig-off font-feature-calt-off text-decoration-none text-strikethrough-none\">, nous effectuons un <\/span><span class=\"OYPEnA font-feature-liga-off font-feature-clig-off font-feature-calt-off text-decoration-none text-strikethrough-none\">diagnostique<\/span><span class=\"OYPEnA font-feature-liga-off font-feature-clig-off font-feature-calt-off text-decoration-none text-strikethrough-none\"> pour adapter les types de filtres selon vos besoins personnels.<\/span><\/p><p class=\"cvGsUA direction-ltr align-start para-style-body\"><span class=\"OYPEnA font-feature-liga-off font-feature-clig-off font-feature-calt-off text-decoration-none text-strikethrough-none\">Voici comment nos purificateurs peuvent transformer votre espace :<\/span><\/p><p class=\"cvGsUA direction-ltr align-start para-style-body\"><span class=\"OYPEnA font-feature-liga-off font-feature-clig-off font-feature-calt-off text-decoration-none text-strikethrough-none\">\u00c9liminer vos probl\u00e8mes d\u2019<strong>odeurs<\/strong> : Nos purificateurs d\u2019air neutralisent efficacement les odeurs de cuisine, d\u2019animaux domestiques, et autres sources d\u00e9sagr\u00e9ables.<\/span><\/p><p class=\"cvGsUA direction-ltr align-start para-style-body\"><span class=\"OYPEnA font-feature-liga-off font-feature-clig-off font-feature-calt-off text-decoration-none text-strikethrough-none\">R\u00e9duire vos risques d<strong>\u2019infection virale<\/strong> : En \u00e9liminant efficacement les virus pr\u00e9sents dans l\u2019air, nos purificateurs d\u2019air diminuent le risque d\u2019infection.<\/span><\/p><p class=\"cvGsUA direction-ltr align-start para-style-body\"><span class=\"OYPEnA font-feature-liga-off font-feature-clig-off font-feature-calt-off text-decoration-none text-strikethrough-none\">\u00c9liminer vos <strong>allerg\u00e8nes<\/strong> : Gr\u00e2ce \u00e0 nos filtres performants, nous \u00e9liminons les allerg\u00e8nes comme le pollen, les acariens, et bien plus encore. Pour les personnes souffrant d\u2019asthme, un air purifi\u00e9 r\u00e9duit significativement les crises.<\/span><\/p><p class=\"cvGsUA direction-ltr align-start para-style-body\"><span class=\"OYPEnA font-feature-liga-off font-feature-clig-off font-feature-calt-off text-decoration-none text-strikethrough-none\"><strong>Assainir<\/strong> votre air : Nos purificateurs filtrent les particules fines, les bact\u00e9ries, et les virus, cr\u00e9ant ainsi un environnement plus s\u00fbr pour vous et vos proches.<\/span><\/p>\t\t\t\t\t\t\t\t<\/div>\n\t\t\t\t<\/div>\n\t\t\t\t\t<\/div>\n\t\t<\/div>\n\t\t\t\t\t<\/div>\n\t\t<\/section>\n\t\t\t\t<section class=\"elementor-section elementor-top-section elementor-element elementor-element-80c1021 elementor-section-boxed elementor-section-height-default elementor-section-height-default\" data-id=\"80c1021\" data-element_type=\"section\" data-e-type=\"section\">\n\t\t\t\t\t\t<div class=\"elementor-container elementor-column-gap-default\">\n\t\t\t\t\t<div class=\"elementor-column elementor-col-50 elementor-top-column elementor-element elementor-element-4ef9f33\" data-id=\"4ef9f33\" data-element_type=\"column\" data-e-type=\"column\">\n\t\t\t<div class=\"elementor-widget-wrap elementor-element-populated\">\n\t\t\t\t\t\t<div class=\"elementor-element elementor-element-06c0070 elementor-widget elementor-widget-image\" data-id=\"06c0070\" data-element_type=\"widget\" data-e-type=\"widget\" data-widget_type=\"image.default\">\n\t\t\t\t<div class=\"elementor-widget-container\">\n\t\t\t\t\t\t\t\t\t\t\t\t\t\t\t<img fetchpriority=\"high\" decoding=\"async\" width=\"768\" height=\"1024\" src=\"https:\/\/www.novalair.lu\/wp-content\/uploads\/2024\/09\/IMG_4618-768x1024.png\" class=\"attachment-medium_large size-medium_large wp-image-1583\" alt=\"\" srcset=\"https:\/\/www.novalair.lu\/wp-content\/uploads\/2024\/09\/IMG_4618-768x1024.png 768w, https:\/\/www.novalair.lu\/wp-content\/uploads\/2024\/09\/IMG_4618-225x300.png 225w, https:\/\/www.novalair.lu\/wp-content\/uploads\/2024\/09\/IMG_4618-1152x1536.png 1152w, https:\/\/www.novalair.lu\/wp-content\/uploads\/2024\/09\/IMG_4618-1536x2048.png 1536w\" sizes=\"(max-width: 768px) 100vw, 768px\" \/>\t\t\t\t\t\t\t\t\t\t\t\t\t\t\t<\/div>\n\t\t\t\t<\/div>\n\t\t\t\t\t<\/div>\n\t\t<\/div>\n\t\t\t\t<div class=\"elementor-column elementor-col-50 elementor-top-column elementor-element elementor-element-0a6cee5\" data-id=\"0a6cee5\" data-element_type=\"column\" data-e-type=\"column\">\n\t\t\t<div class=\"elementor-widget-wrap elementor-element-populated\">\n\t\t\t\t\t\t<div class=\"elementor-element elementor-element-528bb3c elementor-widget elementor-widget-image\" data-id=\"528bb3c\" data-element_type=\"widget\" data-e-type=\"widget\" data-widget_type=\"image.default\">\n\t\t\t\t<div class=\"elementor-widget-container\">\n\t\t\t\t\t\t\t\t\t\t\t\t\t\t\t<img decoding=\"async\" width=\"768\" height=\"1024\" src=\"https:\/\/www.novalair.lu\/wp-content\/uploads\/2024\/09\/IMG_4425-768x1024.png\" class=\"attachment-medium_large size-medium_large wp-image-1585\" alt=\"\" srcset=\"https:\/\/www.novalair.lu\/wp-content\/uploads\/2024\/09\/IMG_4425-768x1024.png 768w, https:\/\/www.novalair.lu\/wp-content\/uploads\/2024\/09\/IMG_4425-225x300.png 225w, https:\/\/www.novalair.lu\/wp-content\/uploads\/2024\/09\/IMG_4425-1152x1536.png 1152w, https:\/\/www.novalair.lu\/wp-content\/uploads\/2024\/09\/IMG_4425-1536x2048.png 1536w\" sizes=\"(max-width: 768px) 100vw, 768px\" \/>\t\t\t\t\t\t\t\t\t\t\t\t\t\t\t<\/div>\n\t\t\t\t<\/div>\n\t\t\t\t\t<\/div>\n\t\t<\/div>\n\t\t\t\t\t<\/div>\n\t\t<\/section>\n\t\t\t\t<\/div>\n\t\t","protected":false},"excerpt":{"rendered":"<p>Nos purificateurs 2.0 mesurent en continu les param\u00e8tres essentiels de votre air int\u00e9rieur afin d\u2019adapter leur fonctionnement. Ils sont pilotables&#8230;<\/p>\n","protected":false},"author":1,"featured_media":0,"parent":0,"menu_order":0,"comment_status":"closed","ping_status":"closed","template":"","meta":{"om_disable_all_campaigns":false,"_monsterinsights_skip_tracking":false,"_monsterinsights_sitenote_active":false,"_monsterinsights_sitenote_note":"","_monsterinsights_sitenote_category":0,"_uf_show_specific_survey":0,"_uf_disable_surveys":false,"_glsr_average":0,"_glsr_ranking":0,"_glsr_reviews":0,"footnotes":""},"class_list":["post-1435","page","type-page","status-publish","hentry"],"yoast_head":"<!-- This site is optimized with the Yoast SEO plugin v27.3 - https:\/\/yoast.com\/product\/yoast-seo-wordpress\/ -->\n<title>Purificateur d&#039;air - Novalair<\/title>\n<meta name=\"description\" content=\"D\u00e9couvrez nos services de nettoyage et d\u00e9graissage professionnels pour les syst\u00e8mes de ventilation en restauration \u00e0 Luxembourg.\" \/>\n<meta name=\"robots\" content=\"index, follow, max-snippet:-1, max-image-preview:large, max-video-preview:-1\" \/>\n<link rel=\"canonical\" href=\"https:\/\/www.novalair.lu\/index.php\/horeca\/\" \/>\n<meta property=\"og:locale\" content=\"fr_FR\" \/>\n<meta property=\"og:type\" content=\"article\" \/>\n<meta property=\"og:title\" content=\"Purificateur d&#039;air - Novalair\" \/>\n<meta property=\"og:description\" content=\"D\u00e9couvrez nos services de nettoyage et d\u00e9graissage professionnels pour les syst\u00e8mes de ventilation en restauration \u00e0 Luxembourg.\" \/>\n<meta property=\"og:url\" content=\"https:\/\/www.novalair.lu\/index.php\/horeca\/\" \/>\n<meta property=\"og:site_name\" content=\"Novalair\" \/>\n<meta property=\"article:modified_time\" content=\"2024-09-11T14:33:32+00:00\" \/>\n<meta property=\"og:image\" content=\"https:\/\/www.novalair.lu\/wp-content\/uploads\/2024\/09\/IMG_4618-768x1024.png\" \/>\n<meta name=\"twitter:card\" content=\"summary_large_image\" \/>\n<meta name=\"twitter:label1\" content=\"Dur\u00e9e de lecture estim\u00e9e\" \/>\n\t<meta name=\"twitter:data1\" content=\"2 minutes\" \/>\n<script type=\"application\/ld+json\" class=\"yoast-schema-graph\">{\"@context\":\"https:\\\/\\\/schema.org\",\"@graph\":[{\"@type\":\"WebPage\",\"@id\":\"https:\\\/\\\/www.novalair.lu\\\/index.php\\\/horeca\\\/\",\"url\":\"https:\\\/\\\/www.novalair.lu\\\/index.php\\\/horeca\\\/\",\"name\":\"Purificateur d'air - Novalair\",\"isPartOf\":{\"@id\":\"https:\\\/\\\/www.novalair.lu\\\/#website\"},\"primaryImageOfPage\":{\"@id\":\"https:\\\/\\\/www.novalair.lu\\\/index.php\\\/horeca\\\/#primaryimage\"},\"image\":{\"@id\":\"https:\\\/\\\/www.novalair.lu\\\/index.php\\\/horeca\\\/#primaryimage\"},\"thumbnailUrl\":\"https:\\\/\\\/www.novalair.lu\\\/wp-content\\\/uploads\\\/2024\\\/09\\\/IMG_4618-768x1024.png\",\"datePublished\":\"2024-09-11T13:58:59+00:00\",\"dateModified\":\"2024-09-11T14:33:32+00:00\",\"description\":\"D\u00e9couvrez nos services de nettoyage et d\u00e9graissage professionnels pour les syst\u00e8mes de ventilation en restauration \u00e0 Luxembourg.\",\"breadcrumb\":{\"@id\":\"https:\\\/\\\/www.novalair.lu\\\/index.php\\\/horeca\\\/#breadcrumb\"},\"inLanguage\":\"fr-FR\",\"potentialAction\":[{\"@type\":\"ReadAction\",\"target\":[\"https:\\\/\\\/www.novalair.lu\\\/index.php\\\/horeca\\\/\"]}]},{\"@type\":\"ImageObject\",\"inLanguage\":\"fr-FR\",\"@id\":\"https:\\\/\\\/www.novalair.lu\\\/index.php\\\/horeca\\\/#primaryimage\",\"url\":\"https:\\\/\\\/www.novalair.lu\\\/wp-content\\\/uploads\\\/2024\\\/09\\\/IMG_4618.png\",\"contentUrl\":\"https:\\\/\\\/www.novalair.lu\\\/wp-content\\\/uploads\\\/2024\\\/09\\\/IMG_4618.png\",\"width\":3024,\"height\":4032},{\"@type\":\"BreadcrumbList\",\"@id\":\"https:\\\/\\\/www.novalair.lu\\\/index.php\\\/horeca\\\/#breadcrumb\",\"itemListElement\":[{\"@type\":\"ListItem\",\"position\":1,\"name\":\"Accueil\",\"item\":\"https:\\\/\\\/www.novalair.lu\\\/\"},{\"@type\":\"ListItem\",\"position\":2,\"name\":\"Purificateur d&rsquo;air\"}]},{\"@type\":\"WebSite\",\"@id\":\"https:\\\/\\\/www.novalair.lu\\\/#website\",\"url\":\"https:\\\/\\\/www.novalair.lu\\\/\",\"name\":\"Novalair\",\"description\":\"L&#039;excellence au service de l&#039;eau et de l&#039;air\",\"publisher\":{\"@id\":\"https:\\\/\\\/www.novalair.lu\\\/#organization\"},\"potentialAction\":[{\"@type\":\"SearchAction\",\"target\":{\"@type\":\"EntryPoint\",\"urlTemplate\":\"https:\\\/\\\/www.novalair.lu\\\/?s={search_term_string}\"},\"query-input\":{\"@type\":\"PropertyValueSpecification\",\"valueRequired\":true,\"valueName\":\"search_term_string\"}}],\"inLanguage\":\"fr-FR\"},{\"@type\":\"Organization\",\"@id\":\"https:\\\/\\\/www.novalair.lu\\\/#organization\",\"name\":\"Novalair\",\"url\":\"https:\\\/\\\/www.novalair.lu\\\/\",\"logo\":{\"@type\":\"ImageObject\",\"inLanguage\":\"fr-FR\",\"@id\":\"https:\\\/\\\/www.novalair.lu\\\/#\\\/schema\\\/logo\\\/image\\\/\",\"url\":\"https:\\\/\\\/www.novalair.lu\\\/wp-content\\\/uploads\\\/2023\\\/04\\\/cropped-Logo_without_baiseline.png\",\"contentUrl\":\"https:\\\/\\\/www.novalair.lu\\\/wp-content\\\/uploads\\\/2023\\\/04\\\/cropped-Logo_without_baiseline.png\",\"width\":865,\"height\":177,\"caption\":\"Novalair\"},\"image\":{\"@id\":\"https:\\\/\\\/www.novalair.lu\\\/#\\\/schema\\\/logo\\\/image\\\/\"}}]}<\/script>\n<!-- \/ Yoast SEO plugin. -->","yoast_head_json":{"title":"Purificateur d'air - Novalair","description":"D\u00e9couvrez nos services de nettoyage et d\u00e9graissage professionnels pour les syst\u00e8mes de ventilation en restauration \u00e0 Luxembourg.","robots":{"index":"index","follow":"follow","max-snippet":"max-snippet:-1","max-image-preview":"max-image-preview:large","max-video-preview":"max-video-preview:-1"},"canonical":"https:\/\/www.novalair.lu\/index.php\/horeca\/","og_locale":"fr_FR","og_type":"article","og_title":"Purificateur d'air - Novalair","og_description":"D\u00e9couvrez nos services de nettoyage et d\u00e9graissage professionnels pour les syst\u00e8mes de ventilation en restauration \u00e0 Luxembourg.","og_url":"https:\/\/www.novalair.lu\/index.php\/horeca\/","og_site_name":"Novalair","article_modified_time":"2024-09-11T14:33:32+00:00","og_image":[{"url":"https:\/\/www.novalair.lu\/wp-content\/uploads\/2024\/09\/IMG_4618-768x1024.png","type":"","width":"","height":""}],"twitter_card":"summary_large_image","twitter_misc":{"Dur\u00e9e de lecture estim\u00e9e":"2 minutes"},"schema":{"@context":"https:\/\/schema.org","@graph":[{"@type":"WebPage","@id":"https:\/\/www.novalair.lu\/index.php\/horeca\/","url":"https:\/\/www.novalair.lu\/index.php\/horeca\/","name":"Purificateur d'air - Novalair","isPartOf":{"@id":"https:\/\/www.novalair.lu\/#website"},"primaryImageOfPage":{"@id":"https:\/\/www.novalair.lu\/index.php\/horeca\/#primaryimage"},"image":{"@id":"https:\/\/www.novalair.lu\/index.php\/horeca\/#primaryimage"},"thumbnailUrl":"https:\/\/www.novalair.lu\/wp-content\/uploads\/2024\/09\/IMG_4618-768x1024.png","datePublished":"2024-09-11T13:58:59+00:00","dateModified":"2024-09-11T14:33:32+00:00","description":"D\u00e9couvrez nos services de nettoyage et d\u00e9graissage professionnels pour les syst\u00e8mes de ventilation en restauration \u00e0 Luxembourg.","breadcrumb":{"@id":"https:\/\/www.novalair.lu\/index.php\/horeca\/#breadcrumb"},"inLanguage":"fr-FR","potentialAction":[{"@type":"ReadAction","target":["https:\/\/www.novalair.lu\/index.php\/horeca\/"]}]},{"@type":"ImageObject","inLanguage":"fr-FR","@id":"https:\/\/www.novalair.lu\/index.php\/horeca\/#primaryimage","url":"https:\/\/www.novalair.lu\/wp-content\/uploads\/2024\/09\/IMG_4618.png","contentUrl":"https:\/\/www.novalair.lu\/wp-content\/uploads\/2024\/09\/IMG_4618.png","width":3024,"height":4032},{"@type":"BreadcrumbList","@id":"https:\/\/www.novalair.lu\/index.php\/horeca\/#breadcrumb","itemListElement":[{"@type":"ListItem","position":1,"name":"Accueil","item":"https:\/\/www.novalair.lu\/"},{"@type":"ListItem","position":2,"name":"Purificateur d&rsquo;air"}]},{"@type":"WebSite","@id":"https:\/\/www.novalair.lu\/#website","url":"https:\/\/www.novalair.lu\/","name":"Novalair","description":"L&#039;excellence au service de l&#039;eau et de l&#039;air","publisher":{"@id":"https:\/\/www.novalair.lu\/#organization"},"potentialAction":[{"@type":"SearchAction","target":{"@type":"EntryPoint","urlTemplate":"https:\/\/www.novalair.lu\/?s={search_term_string}"},"query-input":{"@type":"PropertyValueSpecification","valueRequired":true,"valueName":"search_term_string"}}],"inLanguage":"fr-FR"},{"@type":"Organization","@id":"https:\/\/www.novalair.lu\/#organization","name":"Novalair","url":"https:\/\/www.novalair.lu\/","logo":{"@type":"ImageObject","inLanguage":"fr-FR","@id":"https:\/\/www.novalair.lu\/#\/schema\/logo\/image\/","url":"https:\/\/www.novalair.lu\/wp-content\/uploads\/2023\/04\/cropped-Logo_without_baiseline.png","contentUrl":"https:\/\/www.novalair.lu\/wp-content\/uploads\/2023\/04\/cropped-Logo_without_baiseline.png","width":865,"height":177,"caption":"Novalair"},"image":{"@id":"https:\/\/www.novalair.lu\/#\/schema\/logo\/image\/"}}]}},"_links":{"self":[{"href":"https:\/\/www.novalair.lu\/index.php\/wp-json\/wp\/v2\/pages\/1435","targetHints":{"allow":["GET"]}}],"collection":[{"href":"https:\/\/www.novalair.lu\/index.php\/wp-json\/wp\/v2\/pages"}],"about":[{"href":"https:\/\/www.novalair.lu\/index.php\/wp-json\/wp\/v2\/types\/page"}],"author":[{"embeddable":true,"href":"https:\/\/www.novalair.lu\/index.php\/wp-json\/wp\/v2\/users\/1"}],"replies":[{"embeddable":true,"href":"https:\/\/www.novalair.lu\/index.php\/wp-json\/wp\/v2\/comments?post=1435"}],"version-history":[{"count":9,"href":"https:\/\/www.novalair.lu\/index.php\/wp-json\/wp\/v2\/pages\/1435\/revisions"}],"predecessor-version":[{"id":1588,"href":"https:\/\/www.novalair.lu\/index.php\/wp-json\/wp\/v2\/pages\/1435\/revisions\/1588"}],"wp:attachment":[{"href":"https:\/\/www.novalair.lu\/index.php\/wp-json\/wp\/v2\/media?parent=1435"}],"curies":[{"name":"wp","href":"https:\/\/api.w.org\/{rel}","templated":true}]}}